{"id":13094,"date":"2023-05-19T12:15:27","date_gmt":"2023-05-19T09:15:27","guid":{"rendered":"https:\/\/goodwill.fi\/kauppa\/?post_type=product&#038;p=13094"},"modified":"2023-06-24T21:06:54","modified_gmt":"2023-06-24T18:06:54","slug":"marimekko-oiva-teekannu","status":"publish","type":"product","link":"https:\/\/goodwill.fi\/kauppa\/tuote\/marimekko-oiva-teekannu\/","title":{"rendered":"MARIMEKKO OIVA TEEKANNU"},"content":{"rendered":"<p>Suunnittelija: Sami Ruotsalainen<br \/>\nValmistaja: Marimekko<br \/>\nValmistusvuosi: ei tiedossa<br \/>\nMitat: korkeus 18 cm, halkaisija 14 cm, tilavuus 0,7 litraa<br \/>\nV\u00e4ri: valkoinen<br \/>\nMateriaali: kivikeramiikka, kumipuu<br \/>\nKunto: k\u00e4ytt\u00e4m\u00e4t\u00f6n<br \/>\nHuom: tuote tulee suojamuoveissa avatussa alkuper\u00e4isess\u00e4 pakkauksessa<\/p>\n","protected":false},"excerpt":{"rendered":"<p>Suunnittelija: Sami Ruotsalainen Valmistaja: Marimekko Valmistusvuosi: ei tiedossa Mitat: korkeus 18 cm, halkaisija 14 cm, tilavuus 0,7 litraa V\u00e4ri: valkoinen Materiaali: kivikeramiikka, kumipuu Kunto: k\u00e4ytt\u00e4m\u00e4t\u00f6n Huom: tuote tulee suojamuoveissa avatussa alkuper\u00e4isess\u00e4 pakkauksessa<\/p>\n","protected":false},"featured_media":13117,"comment_status":"open","ping_status":"closed","template":"","meta":[],"product_brand":[],"product_cat":[159,166,146],"product_tag":[563,6541,792,1964,4248,4247,205],"class_list":{"0":"post-13094","1":"product","2":"type-product","3":"status-publish","4":"has-post-thumbnail","6":"product_cat-kaikki","7":"product_cat-astiat-2","8":"product_cat-koti-2","9":"product_tag-kannu","10":"product_tag-kot02288","11":"product_tag-marimekko","12":"product_tag-oiva","13":"product_tag-ruotsalainen","14":"product_tag-sami","15":"product_tag-teekannu","17":"first","18":"outofstock","19":"taxable","20":"shipping-taxable","21":"purchasable","22":"product-type-simple"},"yoast_head":"<!-- This site is optimized with the Yoast SEO plugin v27.1.1 - https:\/\/yoast.com\/product\/yoast-seo-wordpress\/ -->\n<title>MARIMEKKO OIVA TEEKANNU - Goodwill-verkkokauppa<\/title>\n<meta name=\"description\" content=\"Suunnittelija: Sami Ruotsalainen Valmistaja: Marimekko Valmistusvuosi: ei tiedossa Mitat: korkeus 18 cm, halkaisija 14 cm, tilavuus 0,7 litraa\" \/>\n<meta name=\"robots\" content=\"index, follow, max-snippet:-1, max-image-preview:large, max-video-preview:-1\" \/>\n<link rel=\"canonical\" href=\"https:\/\/goodwill.fi\/kauppa\/tuote\/marimekko-oiva-teekannu\/\" \/>\n<meta property=\"og:locale\" content=\"fi_FI\" \/>\n<meta property=\"og:type\" content=\"article\" \/>\n<meta property=\"og:title\" content=\"MARIMEKKO OIVA TEEKANNU - Goodwill-verkkokauppa\" \/>\n<meta property=\"og:description\" content=\"Suunnittelija: Sami Ruotsalainen Valmistaja: Marimekko Valmistusvuosi: ei tiedossa Mitat: korkeus 18 cm, halkaisija 14 cm, tilavuus 0,7 litraa\" \/>\n<meta property=\"og:url\" content=\"https:\/\/goodwill.fi\/kauppa\/tuote\/marimekko-oiva-teekannu\/\" \/>\n<meta property=\"og:site_name\" content=\"Goodwill-verkkokauppa\" \/>\n<meta property=\"article:modified_time\" content=\"2023-06-24T18:06:54+00:00\" \/>\n<meta property=\"og:image\" content=\"https:\/\/goodwill.fi\/kauppa\/wp-content\/uploads\/2023\/05\/IMG_8538-scaled.jpg\" \/>\n\t<meta property=\"og:image:width\" content=\"2560\" \/>\n\t<meta property=\"og:image:height\" content=\"1707\" \/>\n\t<meta property=\"og:image:type\" content=\"image\/jpeg\" \/>\n<meta name=\"twitter:card\" content=\"summary_large_image\" \/>\n<meta name=\"twitter:label1\" content=\"Arvioitu lukuaika\" \/>\n\t<meta name=\"twitter:data1\" content=\"1 minuutti\" \/>\n<script type=\"application\/ld+json\" class=\"yoast-schema-graph\">{\"@context\":\"https:\/\/schema.org\",\"@graph\":[{\"@type\":\"WebPage\",\"@id\":\"https:\/\/goodwill.fi\/kauppa\/tuote\/marimekko-oiva-teekannu\/\",\"url\":\"https:\/\/goodwill.fi\/kauppa\/tuote\/marimekko-oiva-teekannu\/\",\"name\":\"MARIMEKKO OIVA TEEKANNU - Goodwill-verkkokauppa\",\"isPartOf\":{\"@id\":\"https:\/\/goodwill.fi\/kauppa\/#website\"},\"primaryImageOfPage\":{\"@id\":\"https:\/\/goodwill.fi\/kauppa\/tuote\/marimekko-oiva-teekannu\/#primaryimage\"},\"image\":{\"@id\":\"https:\/\/goodwill.fi\/kauppa\/tuote\/marimekko-oiva-teekannu\/#primaryimage\"},\"thumbnailUrl\":\"https:\/\/goodwill.fi\/kauppa\/wp-content\/uploads\/2023\/05\/IMG_8538-scaled.jpg\",\"datePublished\":\"2023-05-19T09:15:27+00:00\",\"dateModified\":\"2023-06-24T18:06:54+00:00\",\"description\":\"Suunnittelija: Sami Ruotsalainen Valmistaja: Marimekko Valmistusvuosi: ei tiedossa Mitat: korkeus 18 cm, halkaisija 14 cm, tilavuus 0,7 litraa\",\"breadcrumb\":{\"@id\":\"https:\/\/goodwill.fi\/kauppa\/tuote\/marimekko-oiva-teekannu\/#breadcrumb\"},\"inLanguage\":\"fi\",\"potentialAction\":[{\"@type\":\"ReadAction\",\"target\":[\"https:\/\/goodwill.fi\/kauppa\/tuote\/marimekko-oiva-teekannu\/\"]}]},{\"@type\":\"ImageObject\",\"inLanguage\":\"fi\",\"@id\":\"https:\/\/goodwill.fi\/kauppa\/tuote\/marimekko-oiva-teekannu\/#primaryimage\",\"url\":\"https:\/\/goodwill.fi\/kauppa\/wp-content\/uploads\/2023\/05\/IMG_8538-scaled.jpg\",\"contentUrl\":\"https:\/\/goodwill.fi\/kauppa\/wp-content\/uploads\/2023\/05\/IMG_8538-scaled.jpg\",\"width\":2560,\"height\":1707},{\"@type\":\"BreadcrumbList\",\"@id\":\"https:\/\/goodwill.fi\/kauppa\/tuote\/marimekko-oiva-teekannu\/#breadcrumb\",\"itemListElement\":[{\"@type\":\"ListItem\",\"position\":1,\"name\":\"Home\",\"item\":\"https:\/\/goodwill.fi\/kauppa\/\"},{\"@type\":\"ListItem\",\"position\":2,\"name\":\"Shop\",\"item\":\"https:\/\/goodwill.fi\/kauppa\/shop\/\"},{\"@type\":\"ListItem\",\"position\":3,\"name\":\"MARIMEKKO OIVA TEEKANNU\"}]},{\"@type\":\"WebSite\",\"@id\":\"https:\/\/goodwill.fi\/kauppa\/#website\",\"url\":\"https:\/\/goodwill.fi\/kauppa\/\",\"name\":\"Goodwill-verkkokauppa\",\"description\":\"Kierr\u00e4tysmyym\u00e4l\u00e4 verkossa\",\"publisher\":{\"@id\":\"https:\/\/goodwill.fi\/kauppa\/#organization\"},\"potentialAction\":[{\"@type\":\"SearchAction\",\"target\":{\"@type\":\"EntryPoint\",\"urlTemplate\":\"https:\/\/goodwill.fi\/kauppa\/?s={search_term_string}\"},\"query-input\":{\"@type\":\"PropertyValueSpecification\",\"valueRequired\":true,\"valueName\":\"search_term_string\"}}],\"inLanguage\":\"fi\"},{\"@type\":\"Organization\",\"@id\":\"https:\/\/goodwill.fi\/kauppa\/#organization\",\"name\":\"Goodwill-verkkokauppa\",\"url\":\"https:\/\/goodwill.fi\/kauppa\/\",\"logo\":{\"@type\":\"ImageObject\",\"inLanguage\":\"fi\",\"@id\":\"https:\/\/goodwill.fi\/kauppa\/#\/schema\/logo\/image\/\",\"url\":\"https:\/\/goodwill.fi\/kauppa\/wp-content\/uploads\/2021\/02\/cropped-logo_gw_store-723x211-1.png\",\"contentUrl\":\"https:\/\/goodwill.fi\/kauppa\/wp-content\/uploads\/2021\/02\/cropped-logo_gw_store-723x211-1.png\",\"width\":723,\"height\":207,\"caption\":\"Goodwill-verkkokauppa\"},\"image\":{\"@id\":\"https:\/\/goodwill.fi\/kauppa\/#\/schema\/logo\/image\/\"}}]}<\/script>\n<!-- \/ Yoast SEO plugin. -->","yoast_head_json":{"title":"MARIMEKKO OIVA TEEKANNU - Goodwill-verkkokauppa","description":"Suunnittelija: Sami Ruotsalainen Valmistaja: Marimekko Valmistusvuosi: ei tiedossa Mitat: korkeus 18 cm, halkaisija 14 cm, tilavuus 0,7 litraa","robots":{"index":"index","follow":"follow","max-snippet":"max-snippet:-1","max-image-preview":"max-image-preview:large","max-video-preview":"max-video-preview:-1"},"canonical":"https:\/\/goodwill.fi\/kauppa\/tuote\/marimekko-oiva-teekannu\/","og_locale":"fi_FI","og_type":"article","og_title":"MARIMEKKO OIVA TEEKANNU - Goodwill-verkkokauppa","og_description":"Suunnittelija: Sami Ruotsalainen Valmistaja: Marimekko Valmistusvuosi: ei tiedossa Mitat: korkeus 18 cm, halkaisija 14 cm, tilavuus 0,7 litraa","og_url":"https:\/\/goodwill.fi\/kauppa\/tuote\/marimekko-oiva-teekannu\/","og_site_name":"Goodwill-verkkokauppa","article_modified_time":"2023-06-24T18:06:54+00:00","og_image":[{"width":2560,"height":1707,"url":"https:\/\/goodwill.fi\/kauppa\/wp-content\/uploads\/2023\/05\/IMG_8538-scaled.jpg","type":"image\/jpeg"}],"twitter_card":"summary_large_image","twitter_misc":{"Arvioitu lukuaika":"1 minuutti"},"schema":{"@context":"https:\/\/schema.org","@graph":[{"@type":"WebPage","@id":"https:\/\/goodwill.fi\/kauppa\/tuote\/marimekko-oiva-teekannu\/","url":"https:\/\/goodwill.fi\/kauppa\/tuote\/marimekko-oiva-teekannu\/","name":"MARIMEKKO OIVA TEEKANNU - Goodwill-verkkokauppa","isPartOf":{"@id":"https:\/\/goodwill.fi\/kauppa\/#website"},"primaryImageOfPage":{"@id":"https:\/\/goodwill.fi\/kauppa\/tuote\/marimekko-oiva-teekannu\/#primaryimage"},"image":{"@id":"https:\/\/goodwill.fi\/kauppa\/tuote\/marimekko-oiva-teekannu\/#primaryimage"},"thumbnailUrl":"https:\/\/goodwill.fi\/kauppa\/wp-content\/uploads\/2023\/05\/IMG_8538-scaled.jpg","datePublished":"2023-05-19T09:15:27+00:00","dateModified":"2023-06-24T18:06:54+00:00","description":"Suunnittelija: Sami Ruotsalainen Valmistaja: Marimekko Valmistusvuosi: ei tiedossa Mitat: korkeus 18 cm, halkaisija 14 cm, tilavuus 0,7 litraa","breadcrumb":{"@id":"https:\/\/goodwill.fi\/kauppa\/tuote\/marimekko-oiva-teekannu\/#breadcrumb"},"inLanguage":"fi","potentialAction":[{"@type":"ReadAction","target":["https:\/\/goodwill.fi\/kauppa\/tuote\/marimekko-oiva-teekannu\/"]}]},{"@type":"ImageObject","inLanguage":"fi","@id":"https:\/\/goodwill.fi\/kauppa\/tuote\/marimekko-oiva-teekannu\/#primaryimage","url":"https:\/\/goodwill.fi\/kauppa\/wp-content\/uploads\/2023\/05\/IMG_8538-scaled.jpg","contentUrl":"https:\/\/goodwill.fi\/kauppa\/wp-content\/uploads\/2023\/05\/IMG_8538-scaled.jpg","width":2560,"height":1707},{"@type":"BreadcrumbList","@id":"https:\/\/goodwill.fi\/kauppa\/tuote\/marimekko-oiva-teekannu\/#breadcrumb","itemListElement":[{"@type":"ListItem","position":1,"name":"Home","item":"https:\/\/goodwill.fi\/kauppa\/"},{"@type":"ListItem","position":2,"name":"Shop","item":"https:\/\/goodwill.fi\/kauppa\/shop\/"},{"@type":"ListItem","position":3,"name":"MARIMEKKO OIVA TEEKANNU"}]},{"@type":"WebSite","@id":"https:\/\/goodwill.fi\/kauppa\/#website","url":"https:\/\/goodwill.fi\/kauppa\/","name":"Goodwill-verkkokauppa","description":"Kierr\u00e4tysmyym\u00e4l\u00e4 verkossa","publisher":{"@id":"https:\/\/goodwill.fi\/kauppa\/#organization"},"potentialAction":[{"@type":"SearchAction","target":{"@type":"EntryPoint","urlTemplate":"https:\/\/goodwill.fi\/kauppa\/?s={search_term_string}"},"query-input":{"@type":"PropertyValueSpecification","valueRequired":true,"valueName":"search_term_string"}}],"inLanguage":"fi"},{"@type":"Organization","@id":"https:\/\/goodwill.fi\/kauppa\/#organization","name":"Goodwill-verkkokauppa","url":"https:\/\/goodwill.fi\/kauppa\/","logo":{"@type":"ImageObject","inLanguage":"fi","@id":"https:\/\/goodwill.fi\/kauppa\/#\/schema\/logo\/image\/","url":"https:\/\/goodwill.fi\/kauppa\/wp-content\/uploads\/2021\/02\/cropped-logo_gw_store-723x211-1.png","contentUrl":"https:\/\/goodwill.fi\/kauppa\/wp-content\/uploads\/2021\/02\/cropped-logo_gw_store-723x211-1.png","width":723,"height":207,"caption":"Goodwill-verkkokauppa"},"image":{"@id":"https:\/\/goodwill.fi\/kauppa\/#\/schema\/logo\/image\/"}}]}},"_links":{"self":[{"href":"https:\/\/goodwill.fi\/kauppa\/wp-json\/wp\/v2\/product\/13094","targetHints":{"allow":["GET"]}}],"collection":[{"href":"https:\/\/goodwill.fi\/kauppa\/wp-json\/wp\/v2\/product"}],"about":[{"href":"https:\/\/goodwill.fi\/kauppa\/wp-json\/wp\/v2\/types\/product"}],"replies":[{"embeddable":true,"href":"https:\/\/goodwill.fi\/kauppa\/wp-json\/wp\/v2\/comments?post=13094"}],"wp:featuredmedia":[{"embeddable":true,"href":"https:\/\/goodwill.fi\/kauppa\/wp-json\/wp\/v2\/media\/13117"}],"wp:attachment":[{"href":"https:\/\/goodwill.fi\/kauppa\/wp-json\/wp\/v2\/media?parent=13094"}],"wp:term":[{"taxonomy":"product_brand","embeddable":true,"href":"https:\/\/goodwill.fi\/kauppa\/wp-json\/wp\/v2\/product_brand?post=13094"},{"taxonomy":"product_cat","embeddable":true,"href":"https:\/\/goodwill.fi\/kauppa\/wp-json\/wp\/v2\/product_cat?post=13094"},{"taxonomy":"product_tag","embeddable":true,"href":"https:\/\/goodwill.fi\/kauppa\/wp-json\/wp\/v2\/product_tag?post=13094"}],"curies":[{"name":"wp","href":"https:\/\/api.w.org\/{rel}","templated":true}]}}