{"id":12512,"date":"2023-04-27T08:49:30","date_gmt":"2023-04-27T05:49:30","guid":{"rendered":"https:\/\/goodwill.fi\/kauppa\/?post_type=product&#038;p=12512"},"modified":"2023-05-18T19:44:52","modified_gmt":"2023-05-18T16:44:52","slug":"rauli-badding-somerjoki-synnyin-rokkaamaan-vinyylilevy","status":"publish","type":"product","link":"https:\/\/goodwill.fi\/kauppa\/tuote\/rauli-badding-somerjoki-synnyin-rokkaamaan-vinyylilevy\/","title":{"rendered":"RAULI &#8221;BADDING&#8221; SOMERJOKI SYNNYIN ROKKAAMAAN VINYYLILEVY"},"content":{"rendered":"<p>Suunnittelija: ei tiedossa<br \/>\nValmistaja: Love Records<br \/>\nValmistusvuosi: 1971-1987<br \/>\nMitat: korkeus n. 31.1 cm, pituus n. 31.1 cm, paino 174 g, levyn halkaisija n. 30 cm<br \/>\nV\u00e4ri: moniv\u00e4ri<br \/>\nMateriaali: vinyylilevy<br \/>\nKunto: hyv\u00e4, kannessa kulumaa<br \/>\nHuom: tuotteet myyd\u00e4\u00e4n kappaleittain<\/p>\n","protected":false},"excerpt":{"rendered":"<p>Suunnittelija: ei tiedossa Valmistaja: Love Records Valmistusvuosi: 1971-1987 Mitat: korkeus n. 31.1 cm, pituus n. 31.1 cm, paino 174 g, levyn halkaisija n. 30 cm V\u00e4ri: moniv\u00e4ri Materiaali: vinyylilevy Kunto: hyv\u00e4, kannessa kulumaa Huom: tuotteet myyd\u00e4\u00e4n kappaleittain<\/p>\n","protected":false},"featured_media":12517,"comment_status":"open","ping_status":"closed","template":"","meta":[],"product_brand":[],"product_cat":[159,143,185,151],"product_tag":[6383,237,6382,6381,4398,6380,2768],"class_list":{"0":"post-12512","1":"product","2":"type-product","3":"status-publish","4":"has-post-thumbnail","6":"product_cat-kaikki","7":"product_cat-viihde-2","8":"product_cat-musiikki","9":"product_cat-vinyylit","10":"product_tag-kit00155","11":"product_tag-lp","12":"product_tag-rauli-badding-somerjoki","13":"product_tag-rauli-somerjoki","14":"product_tag-rock","15":"product_tag-synnyin-rokkaamaan","16":"product_tag-vinyylilevy","18":"first","19":"outofstock","20":"taxable","21":"shipping-taxable","22":"purchasable","23":"product-type-simple"},"yoast_head":"<!-- This site is optimized with the Yoast SEO plugin v27.1.1 - https:\/\/yoast.com\/product\/yoast-seo-wordpress\/ -->\n<title>RAULI &quot;BADDING&quot; SOMERJOKI SYNNYIN ROKKAAMAAN VINYYLILEVY - Goodwill-verkkokauppa<\/title>\n<meta name=\"description\" content=\"Suunnittelija: ei tiedossa Valmistaja: Love Records Valmistusvuosi: 1971-1987 Mitat: korkeus n. 31.1 cm, pituus n. 31.1 cm, levyn halkaisija n. 30 cm\" \/>\n<meta name=\"robots\" content=\"index, follow, max-snippet:-1, max-image-preview:large, max-video-preview:-1\" \/>\n<link rel=\"canonical\" href=\"https:\/\/goodwill.fi\/kauppa\/tuote\/rauli-badding-somerjoki-synnyin-rokkaamaan-vinyylilevy\/\" \/>\n<meta property=\"og:locale\" content=\"fi_FI\" \/>\n<meta property=\"og:type\" content=\"article\" \/>\n<meta property=\"og:title\" content=\"RAULI &quot;BADDING&quot; SOMERJOKI SYNNYIN ROKKAAMAAN VINYYLILEVY - Goodwill-verkkokauppa\" \/>\n<meta property=\"og:description\" content=\"Suunnittelija: ei tiedossa Valmistaja: Love Records Valmistusvuosi: 1971-1987 Mitat: korkeus n. 31.1 cm, pituus n. 31.1 cm, levyn halkaisija n. 30 cm\" \/>\n<meta property=\"og:url\" content=\"https:\/\/goodwill.fi\/kauppa\/tuote\/rauli-badding-somerjoki-synnyin-rokkaamaan-vinyylilevy\/\" \/>\n<meta property=\"og:site_name\" content=\"Goodwill-verkkokauppa\" \/>\n<meta property=\"article:modified_time\" content=\"2023-05-18T16:44:52+00:00\" \/>\n<meta property=\"og:image\" content=\"https:\/\/goodwill.fi\/kauppa\/wp-content\/uploads\/2023\/04\/DSC_0021-scaled.jpg\" \/>\n\t<meta property=\"og:image:width\" content=\"2560\" \/>\n\t<meta property=\"og:image:height\" content=\"2136\" \/>\n\t<meta property=\"og:image:type\" content=\"image\/jpeg\" \/>\n<meta name=\"twitter:card\" content=\"summary_large_image\" \/>\n<meta name=\"twitter:label1\" content=\"Arvioitu lukuaika\" \/>\n\t<meta name=\"twitter:data1\" content=\"1 minuutti\" \/>\n<script type=\"application\/ld+json\" class=\"yoast-schema-graph\">{\"@context\":\"https:\/\/schema.org\",\"@graph\":[{\"@type\":\"WebPage\",\"@id\":\"https:\/\/goodwill.fi\/kauppa\/tuote\/rauli-badding-somerjoki-synnyin-rokkaamaan-vinyylilevy\/\",\"url\":\"https:\/\/goodwill.fi\/kauppa\/tuote\/rauli-badding-somerjoki-synnyin-rokkaamaan-vinyylilevy\/\",\"name\":\"RAULI \\\"BADDING\\\" SOMERJOKI SYNNYIN ROKKAAMAAN VINYYLILEVY - Goodwill-verkkokauppa\",\"isPartOf\":{\"@id\":\"https:\/\/goodwill.fi\/kauppa\/#website\"},\"primaryImageOfPage\":{\"@id\":\"https:\/\/goodwill.fi\/kauppa\/tuote\/rauli-badding-somerjoki-synnyin-rokkaamaan-vinyylilevy\/#primaryimage\"},\"image\":{\"@id\":\"https:\/\/goodwill.fi\/kauppa\/tuote\/rauli-badding-somerjoki-synnyin-rokkaamaan-vinyylilevy\/#primaryimage\"},\"thumbnailUrl\":\"https:\/\/goodwill.fi\/kauppa\/wp-content\/uploads\/2023\/04\/DSC_0021-scaled.jpg\",\"datePublished\":\"2023-04-27T05:49:30+00:00\",\"dateModified\":\"2023-05-18T16:44:52+00:00\",\"description\":\"Suunnittelija: ei tiedossa Valmistaja: Love Records Valmistusvuosi: 1971-1987 Mitat: korkeus n. 31.1 cm, pituus n. 31.1 cm, levyn halkaisija n. 30 cm\",\"breadcrumb\":{\"@id\":\"https:\/\/goodwill.fi\/kauppa\/tuote\/rauli-badding-somerjoki-synnyin-rokkaamaan-vinyylilevy\/#breadcrumb\"},\"inLanguage\":\"fi\",\"potentialAction\":[{\"@type\":\"ReadAction\",\"target\":[\"https:\/\/goodwill.fi\/kauppa\/tuote\/rauli-badding-somerjoki-synnyin-rokkaamaan-vinyylilevy\/\"]}]},{\"@type\":\"ImageObject\",\"inLanguage\":\"fi\",\"@id\":\"https:\/\/goodwill.fi\/kauppa\/tuote\/rauli-badding-somerjoki-synnyin-rokkaamaan-vinyylilevy\/#primaryimage\",\"url\":\"https:\/\/goodwill.fi\/kauppa\/wp-content\/uploads\/2023\/04\/DSC_0021-scaled.jpg\",\"contentUrl\":\"https:\/\/goodwill.fi\/kauppa\/wp-content\/uploads\/2023\/04\/DSC_0021-scaled.jpg\",\"width\":2560,\"height\":2136},{\"@type\":\"BreadcrumbList\",\"@id\":\"https:\/\/goodwill.fi\/kauppa\/tuote\/rauli-badding-somerjoki-synnyin-rokkaamaan-vinyylilevy\/#breadcrumb\",\"itemListElement\":[{\"@type\":\"ListItem\",\"position\":1,\"name\":\"Home\",\"item\":\"https:\/\/goodwill.fi\/kauppa\/\"},{\"@type\":\"ListItem\",\"position\":2,\"name\":\"Shop\",\"item\":\"https:\/\/goodwill.fi\/kauppa\/shop\/\"},{\"@type\":\"ListItem\",\"position\":3,\"name\":\"RAULI &#8220;BADDING&#8221; SOMERJOKI SYNNYIN ROKKAAMAAN VINYYLILEVY\"}]},{\"@type\":\"WebSite\",\"@id\":\"https:\/\/goodwill.fi\/kauppa\/#website\",\"url\":\"https:\/\/goodwill.fi\/kauppa\/\",\"name\":\"Goodwill-verkkokauppa\",\"description\":\"Kierr\u00e4tysmyym\u00e4l\u00e4 verkossa\",\"publisher\":{\"@id\":\"https:\/\/goodwill.fi\/kauppa\/#organization\"},\"potentialAction\":[{\"@type\":\"SearchAction\",\"target\":{\"@type\":\"EntryPoint\",\"urlTemplate\":\"https:\/\/goodwill.fi\/kauppa\/?s={search_term_string}\"},\"query-input\":{\"@type\":\"PropertyValueSpecification\",\"valueRequired\":true,\"valueName\":\"search_term_string\"}}],\"inLanguage\":\"fi\"},{\"@type\":\"Organization\",\"@id\":\"https:\/\/goodwill.fi\/kauppa\/#organization\",\"name\":\"Goodwill-verkkokauppa\",\"url\":\"https:\/\/goodwill.fi\/kauppa\/\",\"logo\":{\"@type\":\"ImageObject\",\"inLanguage\":\"fi\",\"@id\":\"https:\/\/goodwill.fi\/kauppa\/#\/schema\/logo\/image\/\",\"url\":\"https:\/\/goodwill.fi\/kauppa\/wp-content\/uploads\/2021\/02\/cropped-logo_gw_store-723x211-1.png\",\"contentUrl\":\"https:\/\/goodwill.fi\/kauppa\/wp-content\/uploads\/2021\/02\/cropped-logo_gw_store-723x211-1.png\",\"width\":723,\"height\":207,\"caption\":\"Goodwill-verkkokauppa\"},\"image\":{\"@id\":\"https:\/\/goodwill.fi\/kauppa\/#\/schema\/logo\/image\/\"}}]}<\/script>\n<!-- \/ Yoast SEO plugin. -->","yoast_head_json":{"title":"RAULI \"BADDING\" SOMERJOKI SYNNYIN ROKKAAMAAN VINYYLILEVY - Goodwill-verkkokauppa","description":"Suunnittelija: ei tiedossa Valmistaja: Love Records Valmistusvuosi: 1971-1987 Mitat: korkeus n. 31.1 cm, pituus n. 31.1 cm, levyn halkaisija n. 30 cm","robots":{"index":"index","follow":"follow","max-snippet":"max-snippet:-1","max-image-preview":"max-image-preview:large","max-video-preview":"max-video-preview:-1"},"canonical":"https:\/\/goodwill.fi\/kauppa\/tuote\/rauli-badding-somerjoki-synnyin-rokkaamaan-vinyylilevy\/","og_locale":"fi_FI","og_type":"article","og_title":"RAULI \"BADDING\" SOMERJOKI SYNNYIN ROKKAAMAAN VINYYLILEVY - Goodwill-verkkokauppa","og_description":"Suunnittelija: ei tiedossa Valmistaja: Love Records Valmistusvuosi: 1971-1987 Mitat: korkeus n. 31.1 cm, pituus n. 31.1 cm, levyn halkaisija n. 30 cm","og_url":"https:\/\/goodwill.fi\/kauppa\/tuote\/rauli-badding-somerjoki-synnyin-rokkaamaan-vinyylilevy\/","og_site_name":"Goodwill-verkkokauppa","article_modified_time":"2023-05-18T16:44:52+00:00","og_image":[{"width":2560,"height":2136,"url":"https:\/\/goodwill.fi\/kauppa\/wp-content\/uploads\/2023\/04\/DSC_0021-scaled.jpg","type":"image\/jpeg"}],"twitter_card":"summary_large_image","twitter_misc":{"Arvioitu lukuaika":"1 minuutti"},"schema":{"@context":"https:\/\/schema.org","@graph":[{"@type":"WebPage","@id":"https:\/\/goodwill.fi\/kauppa\/tuote\/rauli-badding-somerjoki-synnyin-rokkaamaan-vinyylilevy\/","url":"https:\/\/goodwill.fi\/kauppa\/tuote\/rauli-badding-somerjoki-synnyin-rokkaamaan-vinyylilevy\/","name":"RAULI \"BADDING\" SOMERJOKI SYNNYIN ROKKAAMAAN VINYYLILEVY - Goodwill-verkkokauppa","isPartOf":{"@id":"https:\/\/goodwill.fi\/kauppa\/#website"},"primaryImageOfPage":{"@id":"https:\/\/goodwill.fi\/kauppa\/tuote\/rauli-badding-somerjoki-synnyin-rokkaamaan-vinyylilevy\/#primaryimage"},"image":{"@id":"https:\/\/goodwill.fi\/kauppa\/tuote\/rauli-badding-somerjoki-synnyin-rokkaamaan-vinyylilevy\/#primaryimage"},"thumbnailUrl":"https:\/\/goodwill.fi\/kauppa\/wp-content\/uploads\/2023\/04\/DSC_0021-scaled.jpg","datePublished":"2023-04-27T05:49:30+00:00","dateModified":"2023-05-18T16:44:52+00:00","description":"Suunnittelija: ei tiedossa Valmistaja: Love Records Valmistusvuosi: 1971-1987 Mitat: korkeus n. 31.1 cm, pituus n. 31.1 cm, levyn halkaisija n. 30 cm","breadcrumb":{"@id":"https:\/\/goodwill.fi\/kauppa\/tuote\/rauli-badding-somerjoki-synnyin-rokkaamaan-vinyylilevy\/#breadcrumb"},"inLanguage":"fi","potentialAction":[{"@type":"ReadAction","target":["https:\/\/goodwill.fi\/kauppa\/tuote\/rauli-badding-somerjoki-synnyin-rokkaamaan-vinyylilevy\/"]}]},{"@type":"ImageObject","inLanguage":"fi","@id":"https:\/\/goodwill.fi\/kauppa\/tuote\/rauli-badding-somerjoki-synnyin-rokkaamaan-vinyylilevy\/#primaryimage","url":"https:\/\/goodwill.fi\/kauppa\/wp-content\/uploads\/2023\/04\/DSC_0021-scaled.jpg","contentUrl":"https:\/\/goodwill.fi\/kauppa\/wp-content\/uploads\/2023\/04\/DSC_0021-scaled.jpg","width":2560,"height":2136},{"@type":"BreadcrumbList","@id":"https:\/\/goodwill.fi\/kauppa\/tuote\/rauli-badding-somerjoki-synnyin-rokkaamaan-vinyylilevy\/#breadcrumb","itemListElement":[{"@type":"ListItem","position":1,"name":"Home","item":"https:\/\/goodwill.fi\/kauppa\/"},{"@type":"ListItem","position":2,"name":"Shop","item":"https:\/\/goodwill.fi\/kauppa\/shop\/"},{"@type":"ListItem","position":3,"name":"RAULI &#8220;BADDING&#8221; SOMERJOKI SYNNYIN ROKKAAMAAN VINYYLILEVY"}]},{"@type":"WebSite","@id":"https:\/\/goodwill.fi\/kauppa\/#website","url":"https:\/\/goodwill.fi\/kauppa\/","name":"Goodwill-verkkokauppa","description":"Kierr\u00e4tysmyym\u00e4l\u00e4 verkossa","publisher":{"@id":"https:\/\/goodwill.fi\/kauppa\/#organization"},"potentialAction":[{"@type":"SearchAction","target":{"@type":"EntryPoint","urlTemplate":"https:\/\/goodwill.fi\/kauppa\/?s={search_term_string}"},"query-input":{"@type":"PropertyValueSpecification","valueRequired":true,"valueName":"search_term_string"}}],"inLanguage":"fi"},{"@type":"Organization","@id":"https:\/\/goodwill.fi\/kauppa\/#organization","name":"Goodwill-verkkokauppa","url":"https:\/\/goodwill.fi\/kauppa\/","logo":{"@type":"ImageObject","inLanguage":"fi","@id":"https:\/\/goodwill.fi\/kauppa\/#\/schema\/logo\/image\/","url":"https:\/\/goodwill.fi\/kauppa\/wp-content\/uploads\/2021\/02\/cropped-logo_gw_store-723x211-1.png","contentUrl":"https:\/\/goodwill.fi\/kauppa\/wp-content\/uploads\/2021\/02\/cropped-logo_gw_store-723x211-1.png","width":723,"height":207,"caption":"Goodwill-verkkokauppa"},"image":{"@id":"https:\/\/goodwill.fi\/kauppa\/#\/schema\/logo\/image\/"}}]}},"_links":{"self":[{"href":"https:\/\/goodwill.fi\/kauppa\/wp-json\/wp\/v2\/product\/12512","targetHints":{"allow":["GET"]}}],"collection":[{"href":"https:\/\/goodwill.fi\/kauppa\/wp-json\/wp\/v2\/product"}],"about":[{"href":"https:\/\/goodwill.fi\/kauppa\/wp-json\/wp\/v2\/types\/product"}],"replies":[{"embeddable":true,"href":"https:\/\/goodwill.fi\/kauppa\/wp-json\/wp\/v2\/comments?post=12512"}],"wp:featuredmedia":[{"embeddable":true,"href":"https:\/\/goodwill.fi\/kauppa\/wp-json\/wp\/v2\/media\/12517"}],"wp:attachment":[{"href":"https:\/\/goodwill.fi\/kauppa\/wp-json\/wp\/v2\/media?parent=12512"}],"wp:term":[{"taxonomy":"product_brand","embeddable":true,"href":"https:\/\/goodwill.fi\/kauppa\/wp-json\/wp\/v2\/product_brand?post=12512"},{"taxonomy":"product_cat","embeddable":true,"href":"https:\/\/goodwill.fi\/kauppa\/wp-json\/wp\/v2\/product_cat?post=12512"},{"taxonomy":"product_tag","embeddable":true,"href":"https:\/\/goodwill.fi\/kauppa\/wp-json\/wp\/v2\/product_tag?post=12512"}],"curies":[{"name":"wp","href":"https:\/\/api.w.org\/{rel}","templated":true}]}}