{"id":1198,"date":"2024-01-03T09:13:00","date_gmt":"2024-01-03T07:13:00","guid":{"rendered":"https:\/\/goodwill.mauri.loopy.fi\/?post_type=product&#038;p=1198"},"modified":"2024-01-22T18:21:44","modified_gmt":"2024-01-22T16:21:44","slug":"iittala-kalinka-whiskylasi-juomalasi","status":"publish","type":"product","link":"https:\/\/goodwill.fi\/kauppa\/tuote\/iittala-kalinka-whiskylasi-juomalasi\/","title":{"rendered":"IITTALA KALINKA LASI, 4 KPL"},"content":{"rendered":"<p>Suunnittelija: Timo Sarpaneva<br \/>\nValmistaja: Iittala<br \/>\nValmistusvuosi: 1978-1997<br \/>\nMitat: korkeus 8.5 cm, halkaisija 7 cm, paino 245 g<br \/>\nV\u00e4ri: kirkas<br \/>\nMateriaali: lasi<br \/>\nKunto: k\u00e4ytetty, hyv\u00e4kuntoinen, osasta laseista puuttuu Iittala-tarra<br \/>\nHuom: myyd\u00e4\u00e4n nelj\u00e4n lasin settin\u00e4<\/p>\n","protected":false},"excerpt":{"rendered":"<p>Suunnittelija: Timo Sarpaneva Valmistaja: Iittala Valmistusvuosi: 1978-1997 Mitat: korkeus 8.5 cm, halkaisija 7 cm, paino 245 g V\u00e4ri: kirkas Materiaali: lasi Kunto: k\u00e4ytetty, hyv\u00e4kuntoinen, osasta laseista puuttuu Iittala-tarra Huom: myyd\u00e4\u00e4n nelj\u00e4n lasin settin\u00e4<\/p>\n","protected":false},"featured_media":1199,"comment_status":"open","ping_status":"closed","template":"","meta":[],"product_brand":[],"product_cat":[5965,166,159,146],"product_tag":[1121,226,627,697,352,462,695,1006,626,4362,1120],"class_list":{"0":"post-1198","1":"product","2":"type-product","3":"status-publish","4":"has-post-thumbnail","6":"product_cat-ale","7":"product_cat-astiat-2","8":"product_cat-kaikki","9":"product_cat-koti-2","10":"product_tag-1121","11":"product_tag-iittala","12":"product_tag-juomalasi","13":"product_tag-kalinka","14":"product_tag-lasi","15":"product_tag-sarpaneva","16":"product_tag-timo","17":"product_tag-viski","18":"product_tag-viskilasi","19":"product_tag-whiskey","20":"product_tag-whiskylasi","22":"first","23":"outofstock","24":"sale","25":"taxable","26":"shipping-taxable","27":"purchasable","28":"product-type-simple"},"yoast_head":"<!-- This site is optimized with the Yoast SEO plugin v27.5 - https:\/\/yoast.com\/product\/yoast-seo-wordpress\/ -->\n<title>Iittala &quot;Kalinka&quot; Whiskylasi \/ Juomalasi<\/title>\n<meta name=\"description\" content=\"Timo Sarpanevan suunnittelema Iittalan Kalinka-lasi Suunnittelija: Timo Sarpaneva Valmistaja: Iittala Valmistusvuosi: 1978-1997 Mitat:\u00a0Korkeus 8,5 cm, halkaisija 7 cm, paino n. 245 g\" \/>\n<meta name=\"robots\" content=\"index, follow, max-snippet:-1, max-image-preview:large, max-video-preview:-1\" \/>\n<link rel=\"canonical\" href=\"https:\/\/goodwill.fi\/kauppa\/tuote\/iittala-kalinka-whiskylasi-juomalasi\/\" \/>\n<meta property=\"og:locale\" content=\"fi_FI\" \/>\n<meta property=\"og:type\" content=\"article\" \/>\n<meta property=\"og:title\" content=\"Iittala &quot;Kalinka&quot; Whiskylasi \/ Juomalasi\" \/>\n<meta property=\"og:description\" content=\"Timo Sarpanevan suunnittelema Iittalan Kalinka-lasi Suunnittelija: Timo Sarpaneva Valmistaja: Iittala Valmistusvuosi: 1978-1997 Mitat:\u00a0Korkeus 8,5 cm, halkaisija 7 cm, paino n. 245 g\" \/>\n<meta property=\"og:url\" content=\"https:\/\/goodwill.fi\/kauppa\/tuote\/iittala-kalinka-whiskylasi-juomalasi\/\" \/>\n<meta property=\"og:site_name\" content=\"Goodwill-verkkokauppa\" \/>\n<meta property=\"article:modified_time\" content=\"2024-01-22T16:21:44+00:00\" \/>\n<meta property=\"og:image\" content=\"https:\/\/goodwill.fi\/kauppa\/wp-content\/uploads\/2018\/09\/products-IMG_2866-scaled.jpg\" \/>\n\t<meta property=\"og:image:width\" content=\"2560\" \/>\n\t<meta property=\"og:image:height\" content=\"1707\" \/>\n\t<meta property=\"og:image:type\" content=\"image\/jpeg\" \/>\n<meta name=\"twitter:card\" content=\"summary_large_image\" \/>\n<meta name=\"twitter:label1\" content=\"Arvioitu lukuaika\" \/>\n\t<meta name=\"twitter:data1\" content=\"1 minuutti\" \/>\n<script type=\"application\/ld+json\" class=\"yoast-schema-graph\">{\"@context\":\"https:\\\/\\\/schema.org\",\"@graph\":[{\"@type\":\"WebPage\",\"@id\":\"https:\\\/\\\/goodwill.fi\\\/kauppa\\\/tuote\\\/iittala-kalinka-whiskylasi-juomalasi\\\/\",\"url\":\"https:\\\/\\\/goodwill.fi\\\/kauppa\\\/tuote\\\/iittala-kalinka-whiskylasi-juomalasi\\\/\",\"name\":\"Iittala \\\"Kalinka\\\" Whiskylasi \\\/ Juomalasi\",\"isPartOf\":{\"@id\":\"https:\\\/\\\/goodwill.fi\\\/kauppa\\\/#website\"},\"primaryImageOfPage\":{\"@id\":\"https:\\\/\\\/goodwill.fi\\\/kauppa\\\/tuote\\\/iittala-kalinka-whiskylasi-juomalasi\\\/#primaryimage\"},\"image\":{\"@id\":\"https:\\\/\\\/goodwill.fi\\\/kauppa\\\/tuote\\\/iittala-kalinka-whiskylasi-juomalasi\\\/#primaryimage\"},\"thumbnailUrl\":\"https:\\\/\\\/goodwill.fi\\\/kauppa\\\/wp-content\\\/uploads\\\/2018\\\/09\\\/products-IMG_2866-scaled.jpg\",\"datePublished\":\"2024-01-03T07:13:00+00:00\",\"dateModified\":\"2024-01-22T16:21:44+00:00\",\"description\":\"Timo Sarpanevan suunnittelema Iittalan Kalinka-lasi Suunnittelija: Timo Sarpaneva Valmistaja: Iittala Valmistusvuosi: 1978-1997 Mitat:\u00a0Korkeus 8,5 cm, halkaisija 7 cm, paino n. 245 g\",\"breadcrumb\":{\"@id\":\"https:\\\/\\\/goodwill.fi\\\/kauppa\\\/tuote\\\/iittala-kalinka-whiskylasi-juomalasi\\\/#breadcrumb\"},\"inLanguage\":\"fi\",\"potentialAction\":[{\"@type\":\"ReadAction\",\"target\":[\"https:\\\/\\\/goodwill.fi\\\/kauppa\\\/tuote\\\/iittala-kalinka-whiskylasi-juomalasi\\\/\"]}]},{\"@type\":\"ImageObject\",\"inLanguage\":\"fi\",\"@id\":\"https:\\\/\\\/goodwill.fi\\\/kauppa\\\/tuote\\\/iittala-kalinka-whiskylasi-juomalasi\\\/#primaryimage\",\"url\":\"https:\\\/\\\/goodwill.fi\\\/kauppa\\\/wp-content\\\/uploads\\\/2018\\\/09\\\/products-IMG_2866-scaled.jpg\",\"contentUrl\":\"https:\\\/\\\/goodwill.fi\\\/kauppa\\\/wp-content\\\/uploads\\\/2018\\\/09\\\/products-IMG_2866-scaled.jpg\",\"width\":2560,\"height\":1707,\"caption\":\"Iittala \\\"Kalinka\\\" Whiskylasi \\\/ Juomalasi\"},{\"@type\":\"BreadcrumbList\",\"@id\":\"https:\\\/\\\/goodwill.fi\\\/kauppa\\\/tuote\\\/iittala-kalinka-whiskylasi-juomalasi\\\/#breadcrumb\",\"itemListElement\":[{\"@type\":\"ListItem\",\"position\":1,\"name\":\"Home\",\"item\":\"https:\\\/\\\/goodwill.fi\\\/kauppa\\\/\"},{\"@type\":\"ListItem\",\"position\":2,\"name\":\"Shop\",\"item\":\"https:\\\/\\\/goodwill.fi\\\/kauppa\\\/shop\\\/\"},{\"@type\":\"ListItem\",\"position\":3,\"name\":\"IITTALA KALINKA LASI, 4 KPL\"}]},{\"@type\":\"WebSite\",\"@id\":\"https:\\\/\\\/goodwill.fi\\\/kauppa\\\/#website\",\"url\":\"https:\\\/\\\/goodwill.fi\\\/kauppa\\\/\",\"name\":\"Goodwill-verkkokauppa\",\"description\":\"Kierr\u00e4tysmyym\u00e4l\u00e4 verkossa\",\"publisher\":{\"@id\":\"https:\\\/\\\/goodwill.fi\\\/kauppa\\\/#organization\"},\"potentialAction\":[{\"@type\":\"SearchAction\",\"target\":{\"@type\":\"EntryPoint\",\"urlTemplate\":\"https:\\\/\\\/goodwill.fi\\\/kauppa\\\/?s={search_term_string}\"},\"query-input\":{\"@type\":\"PropertyValueSpecification\",\"valueRequired\":true,\"valueName\":\"search_term_string\"}}],\"inLanguage\":\"fi\"},{\"@type\":\"Organization\",\"@id\":\"https:\\\/\\\/goodwill.fi\\\/kauppa\\\/#organization\",\"name\":\"Goodwill-verkkokauppa\",\"url\":\"https:\\\/\\\/goodwill.fi\\\/kauppa\\\/\",\"logo\":{\"@type\":\"ImageObject\",\"inLanguage\":\"fi\",\"@id\":\"https:\\\/\\\/goodwill.fi\\\/kauppa\\\/#\\\/schema\\\/logo\\\/image\\\/\",\"url\":\"https:\\\/\\\/goodwill.fi\\\/kauppa\\\/wp-content\\\/uploads\\\/2021\\\/02\\\/cropped-logo_gw_store-723x211-1.png\",\"contentUrl\":\"https:\\\/\\\/goodwill.fi\\\/kauppa\\\/wp-content\\\/uploads\\\/2021\\\/02\\\/cropped-logo_gw_store-723x211-1.png\",\"width\":723,\"height\":207,\"caption\":\"Goodwill-verkkokauppa\"},\"image\":{\"@id\":\"https:\\\/\\\/goodwill.fi\\\/kauppa\\\/#\\\/schema\\\/logo\\\/image\\\/\"}}]}<\/script>\n<!-- \/ Yoast SEO plugin. -->","yoast_head_json":{"title":"Iittala \"Kalinka\" Whiskylasi \/ Juomalasi","description":"Timo Sarpanevan suunnittelema Iittalan Kalinka-lasi Suunnittelija: Timo Sarpaneva Valmistaja: Iittala Valmistusvuosi: 1978-1997 Mitat:\u00a0Korkeus 8,5 cm, halkaisija 7 cm, paino n. 245 g","robots":{"index":"index","follow":"follow","max-snippet":"max-snippet:-1","max-image-preview":"max-image-preview:large","max-video-preview":"max-video-preview:-1"},"canonical":"https:\/\/goodwill.fi\/kauppa\/tuote\/iittala-kalinka-whiskylasi-juomalasi\/","og_locale":"fi_FI","og_type":"article","og_title":"Iittala \"Kalinka\" Whiskylasi \/ Juomalasi","og_description":"Timo Sarpanevan suunnittelema Iittalan Kalinka-lasi Suunnittelija: Timo Sarpaneva Valmistaja: Iittala Valmistusvuosi: 1978-1997 Mitat:\u00a0Korkeus 8,5 cm, halkaisija 7 cm, paino n. 245 g","og_url":"https:\/\/goodwill.fi\/kauppa\/tuote\/iittala-kalinka-whiskylasi-juomalasi\/","og_site_name":"Goodwill-verkkokauppa","article_modified_time":"2024-01-22T16:21:44+00:00","og_image":[{"width":2560,"height":1707,"url":"https:\/\/goodwill.fi\/kauppa\/wp-content\/uploads\/2018\/09\/products-IMG_2866-scaled.jpg","type":"image\/jpeg"}],"twitter_card":"summary_large_image","twitter_misc":{"Arvioitu lukuaika":"1 minuutti"},"schema":{"@context":"https:\/\/schema.org","@graph":[{"@type":"WebPage","@id":"https:\/\/goodwill.fi\/kauppa\/tuote\/iittala-kalinka-whiskylasi-juomalasi\/","url":"https:\/\/goodwill.fi\/kauppa\/tuote\/iittala-kalinka-whiskylasi-juomalasi\/","name":"Iittala \"Kalinka\" Whiskylasi \/ Juomalasi","isPartOf":{"@id":"https:\/\/goodwill.fi\/kauppa\/#website"},"primaryImageOfPage":{"@id":"https:\/\/goodwill.fi\/kauppa\/tuote\/iittala-kalinka-whiskylasi-juomalasi\/#primaryimage"},"image":{"@id":"https:\/\/goodwill.fi\/kauppa\/tuote\/iittala-kalinka-whiskylasi-juomalasi\/#primaryimage"},"thumbnailUrl":"https:\/\/goodwill.fi\/kauppa\/wp-content\/uploads\/2018\/09\/products-IMG_2866-scaled.jpg","datePublished":"2024-01-03T07:13:00+00:00","dateModified":"2024-01-22T16:21:44+00:00","description":"Timo Sarpanevan suunnittelema Iittalan Kalinka-lasi Suunnittelija: Timo Sarpaneva Valmistaja: Iittala Valmistusvuosi: 1978-1997 Mitat:\u00a0Korkeus 8,5 cm, halkaisija 7 cm, paino n. 245 g","breadcrumb":{"@id":"https:\/\/goodwill.fi\/kauppa\/tuote\/iittala-kalinka-whiskylasi-juomalasi\/#breadcrumb"},"inLanguage":"fi","potentialAction":[{"@type":"ReadAction","target":["https:\/\/goodwill.fi\/kauppa\/tuote\/iittala-kalinka-whiskylasi-juomalasi\/"]}]},{"@type":"ImageObject","inLanguage":"fi","@id":"https:\/\/goodwill.fi\/kauppa\/tuote\/iittala-kalinka-whiskylasi-juomalasi\/#primaryimage","url":"https:\/\/goodwill.fi\/kauppa\/wp-content\/uploads\/2018\/09\/products-IMG_2866-scaled.jpg","contentUrl":"https:\/\/goodwill.fi\/kauppa\/wp-content\/uploads\/2018\/09\/products-IMG_2866-scaled.jpg","width":2560,"height":1707,"caption":"Iittala \"Kalinka\" Whiskylasi \/ Juomalasi"},{"@type":"BreadcrumbList","@id":"https:\/\/goodwill.fi\/kauppa\/tuote\/iittala-kalinka-whiskylasi-juomalasi\/#breadcrumb","itemListElement":[{"@type":"ListItem","position":1,"name":"Home","item":"https:\/\/goodwill.fi\/kauppa\/"},{"@type":"ListItem","position":2,"name":"Shop","item":"https:\/\/goodwill.fi\/kauppa\/shop\/"},{"@type":"ListItem","position":3,"name":"IITTALA KALINKA LASI, 4 KPL"}]},{"@type":"WebSite","@id":"https:\/\/goodwill.fi\/kauppa\/#website","url":"https:\/\/goodwill.fi\/kauppa\/","name":"Goodwill-verkkokauppa","description":"Kierr\u00e4tysmyym\u00e4l\u00e4 verkossa","publisher":{"@id":"https:\/\/goodwill.fi\/kauppa\/#organization"},"potentialAction":[{"@type":"SearchAction","target":{"@type":"EntryPoint","urlTemplate":"https:\/\/goodwill.fi\/kauppa\/?s={search_term_string}"},"query-input":{"@type":"PropertyValueSpecification","valueRequired":true,"valueName":"search_term_string"}}],"inLanguage":"fi"},{"@type":"Organization","@id":"https:\/\/goodwill.fi\/kauppa\/#organization","name":"Goodwill-verkkokauppa","url":"https:\/\/goodwill.fi\/kauppa\/","logo":{"@type":"ImageObject","inLanguage":"fi","@id":"https:\/\/goodwill.fi\/kauppa\/#\/schema\/logo\/image\/","url":"https:\/\/goodwill.fi\/kauppa\/wp-content\/uploads\/2021\/02\/cropped-logo_gw_store-723x211-1.png","contentUrl":"https:\/\/goodwill.fi\/kauppa\/wp-content\/uploads\/2021\/02\/cropped-logo_gw_store-723x211-1.png","width":723,"height":207,"caption":"Goodwill-verkkokauppa"},"image":{"@id":"https:\/\/goodwill.fi\/kauppa\/#\/schema\/logo\/image\/"}}]}},"_links":{"self":[{"href":"https:\/\/goodwill.fi\/kauppa\/wp-json\/wp\/v2\/product\/1198","targetHints":{"allow":["GET"]}}],"collection":[{"href":"https:\/\/goodwill.fi\/kauppa\/wp-json\/wp\/v2\/product"}],"about":[{"href":"https:\/\/goodwill.fi\/kauppa\/wp-json\/wp\/v2\/types\/product"}],"replies":[{"embeddable":true,"href":"https:\/\/goodwill.fi\/kauppa\/wp-json\/wp\/v2\/comments?post=1198"}],"wp:featuredmedia":[{"embeddable":true,"href":"https:\/\/goodwill.fi\/kauppa\/wp-json\/wp\/v2\/media\/1199"}],"wp:attachment":[{"href":"https:\/\/goodwill.fi\/kauppa\/wp-json\/wp\/v2\/media?parent=1198"}],"wp:term":[{"taxonomy":"product_brand","embeddable":true,"href":"https:\/\/goodwill.fi\/kauppa\/wp-json\/wp\/v2\/product_brand?post=1198"},{"taxonomy":"product_cat","embeddable":true,"href":"https:\/\/goodwill.fi\/kauppa\/wp-json\/wp\/v2\/product_cat?post=1198"},{"taxonomy":"product_tag","embeddable":true,"href":"https:\/\/goodwill.fi\/kauppa\/wp-json\/wp\/v2\/product_tag?post=1198"}],"curies":[{"name":"wp","href":"https:\/\/api.w.org\/{rel}","templated":true}]}}