{"id":11228,"date":"2023-03-13T11:38:01","date_gmt":"2023-03-13T09:38:01","guid":{"rendered":"https:\/\/goodwill.fi\/kauppa\/?post_type=product&#038;p=11228"},"modified":"2024-04-16T11:40:26","modified_gmt":"2024-04-16T08:40:26","slug":"kn-rostfri-veitsisetti-7-osaa","status":"publish","type":"product","link":"https:\/\/goodwill.fi\/kauppa\/tuote\/kn-rostfri-veitsisetti-7-osaa\/","title":{"rendered":"KN ROSTFRI VEITSISETTI, 7 OSAA"},"content":{"rendered":"<p>Suunnittelija: ei tiedossa<br \/>\nValmistaja: KN Rostfri Sweden<br \/>\nValmistusvuosi: ei tiedossa<br \/>\nTelineen mitat: korkeus 7.5 cm, pituus 10.5 cm, leveys 4.5 cm<br \/>\nVeitsen pituus: 17 cm, ter\u00e4n pituus 8 cm<br \/>\nV\u00e4ri: ruskea<br \/>\nMateriaali: ter\u00e4s, puu<br \/>\nKunto: k\u00e4ytetty, hieman k\u00e4yt\u00f6n j\u00e4lki\u00e4<br \/>\nHuom: tuotteet myyd\u00e4\u00e4n settin\u00e4 eli kuusi veist\u00e4 ja veitsiteline<\/p>\n","protected":false},"excerpt":{"rendered":"<p>Suunnittelija: ei tiedossa Valmistaja: KN Rostfri Sweden Valmistusvuosi: ei tiedossa Telineen mitat: korkeus 7.5 cm, pituus 10.5 cm, leveys 4.5 cm Veitsen pituus: 17 cm, ter\u00e4n pituus 8 cm V\u00e4ri: ruskea Materiaali: ter\u00e4s, puu Kunto: k\u00e4ytetty, hieman k\u00e4yt\u00f6n j\u00e4lki\u00e4 Huom: tuotteet myyd\u00e4\u00e4n settin\u00e4 eli kuusi veist\u00e4 ja veitsiteline<\/p>\n","protected":false},"featured_media":11229,"comment_status":"open","ping_status":"closed","template":"","meta":[],"product_brand":[],"product_cat":[159,146],"product_tag":[6014,6015,948,5884,5614,6016],"class_list":{"0":"post-11228","1":"product","2":"type-product","3":"status-publish","4":"has-post-thumbnail","6":"product_cat-kaikki","7":"product_cat-koti-2","8":"product_tag-kot02040","9":"product_tag-rostfri","10":"product_tag-ruotsi","11":"product_tag-sweden","12":"product_tag-veitsi","13":"product_tag-veitsisetti","15":"first","16":"outofstock","17":"taxable","18":"shipping-taxable","19":"purchasable","20":"product-type-simple"},"yoast_head":"<!-- This site is optimized with the Yoast SEO plugin v27.1.1 - https:\/\/yoast.com\/product\/yoast-seo-wordpress\/ -->\n<title>KN ROSTFRI VEITSISETTI, 7 OSAA - Goodwill-verkkokauppa<\/title>\n<meta name=\"description\" content=\"Suunnittelija: ei tiedossa Valmistaja: KN Rostfri Sweden Valmistusvuosi: ei tiedossa Telineen mitat: korkeus 7.5 cm, pituus 10.5 cm, leveys 4.5 cm\" \/>\n<meta name=\"robots\" content=\"index, follow, max-snippet:-1, max-image-preview:large, max-video-preview:-1\" \/>\n<link rel=\"canonical\" href=\"https:\/\/goodwill.fi\/kauppa\/tuote\/kn-rostfri-veitsisetti-7-osaa\/\" \/>\n<meta property=\"og:locale\" content=\"fi_FI\" \/>\n<meta property=\"og:type\" content=\"article\" \/>\n<meta property=\"og:title\" content=\"KN ROSTFRI VEITSISETTI, 7 OSAA - Goodwill-verkkokauppa\" \/>\n<meta property=\"og:description\" content=\"Suunnittelija: ei tiedossa Valmistaja: KN Rostfri Sweden Valmistusvuosi: ei tiedossa Telineen mitat: korkeus 7.5 cm, pituus 10.5 cm, leveys 4.5 cm\" \/>\n<meta property=\"og:url\" content=\"https:\/\/goodwill.fi\/kauppa\/tuote\/kn-rostfri-veitsisetti-7-osaa\/\" \/>\n<meta property=\"og:site_name\" content=\"Goodwill-verkkokauppa\" \/>\n<meta property=\"article:modified_time\" content=\"2024-04-16T08:40:26+00:00\" \/>\n<meta property=\"og:image\" content=\"https:\/\/goodwill.fi\/kauppa\/wp-content\/uploads\/2023\/03\/IMG_6025-scaled.jpg\" \/>\n\t<meta property=\"og:image:width\" content=\"2560\" \/>\n\t<meta property=\"og:image:height\" content=\"1707\" \/>\n\t<meta property=\"og:image:type\" content=\"image\/jpeg\" \/>\n<meta name=\"twitter:card\" content=\"summary_large_image\" \/>\n<meta name=\"twitter:label1\" content=\"Arvioitu lukuaika\" \/>\n\t<meta name=\"twitter:data1\" content=\"1 minuutti\" \/>\n<script type=\"application\/ld+json\" class=\"yoast-schema-graph\">{\"@context\":\"https:\/\/schema.org\",\"@graph\":[{\"@type\":\"WebPage\",\"@id\":\"https:\/\/goodwill.fi\/kauppa\/tuote\/kn-rostfri-veitsisetti-7-osaa\/\",\"url\":\"https:\/\/goodwill.fi\/kauppa\/tuote\/kn-rostfri-veitsisetti-7-osaa\/\",\"name\":\"KN ROSTFRI VEITSISETTI, 7 OSAA - Goodwill-verkkokauppa\",\"isPartOf\":{\"@id\":\"https:\/\/goodwill.fi\/kauppa\/#website\"},\"primaryImageOfPage\":{\"@id\":\"https:\/\/goodwill.fi\/kauppa\/tuote\/kn-rostfri-veitsisetti-7-osaa\/#primaryimage\"},\"image\":{\"@id\":\"https:\/\/goodwill.fi\/kauppa\/tuote\/kn-rostfri-veitsisetti-7-osaa\/#primaryimage\"},\"thumbnailUrl\":\"https:\/\/goodwill.fi\/kauppa\/wp-content\/uploads\/2023\/03\/IMG_6025-scaled.jpg\",\"datePublished\":\"2023-03-13T09:38:01+00:00\",\"dateModified\":\"2024-04-16T08:40:26+00:00\",\"description\":\"Suunnittelija: ei tiedossa Valmistaja: KN Rostfri Sweden Valmistusvuosi: ei tiedossa Telineen mitat: korkeus 7.5 cm, pituus 10.5 cm, leveys 4.5 cm\",\"breadcrumb\":{\"@id\":\"https:\/\/goodwill.fi\/kauppa\/tuote\/kn-rostfri-veitsisetti-7-osaa\/#breadcrumb\"},\"inLanguage\":\"fi\",\"potentialAction\":[{\"@type\":\"ReadAction\",\"target\":[\"https:\/\/goodwill.fi\/kauppa\/tuote\/kn-rostfri-veitsisetti-7-osaa\/\"]}]},{\"@type\":\"ImageObject\",\"inLanguage\":\"fi\",\"@id\":\"https:\/\/goodwill.fi\/kauppa\/tuote\/kn-rostfri-veitsisetti-7-osaa\/#primaryimage\",\"url\":\"https:\/\/goodwill.fi\/kauppa\/wp-content\/uploads\/2023\/03\/IMG_6025-scaled.jpg\",\"contentUrl\":\"https:\/\/goodwill.fi\/kauppa\/wp-content\/uploads\/2023\/03\/IMG_6025-scaled.jpg\",\"width\":2560,\"height\":1707},{\"@type\":\"BreadcrumbList\",\"@id\":\"https:\/\/goodwill.fi\/kauppa\/tuote\/kn-rostfri-veitsisetti-7-osaa\/#breadcrumb\",\"itemListElement\":[{\"@type\":\"ListItem\",\"position\":1,\"name\":\"Home\",\"item\":\"https:\/\/goodwill.fi\/kauppa\/\"},{\"@type\":\"ListItem\",\"position\":2,\"name\":\"Shop\",\"item\":\"https:\/\/goodwill.fi\/kauppa\/shop\/\"},{\"@type\":\"ListItem\",\"position\":3,\"name\":\"KN ROSTFRI VEITSISETTI, 7 OSAA\"}]},{\"@type\":\"WebSite\",\"@id\":\"https:\/\/goodwill.fi\/kauppa\/#website\",\"url\":\"https:\/\/goodwill.fi\/kauppa\/\",\"name\":\"Goodwill-verkkokauppa\",\"description\":\"Kierr\u00e4tysmyym\u00e4l\u00e4 verkossa\",\"publisher\":{\"@id\":\"https:\/\/goodwill.fi\/kauppa\/#organization\"},\"potentialAction\":[{\"@type\":\"SearchAction\",\"target\":{\"@type\":\"EntryPoint\",\"urlTemplate\":\"https:\/\/goodwill.fi\/kauppa\/?s={search_term_string}\"},\"query-input\":{\"@type\":\"PropertyValueSpecification\",\"valueRequired\":true,\"valueName\":\"search_term_string\"}}],\"inLanguage\":\"fi\"},{\"@type\":\"Organization\",\"@id\":\"https:\/\/goodwill.fi\/kauppa\/#organization\",\"name\":\"Goodwill-verkkokauppa\",\"url\":\"https:\/\/goodwill.fi\/kauppa\/\",\"logo\":{\"@type\":\"ImageObject\",\"inLanguage\":\"fi\",\"@id\":\"https:\/\/goodwill.fi\/kauppa\/#\/schema\/logo\/image\/\",\"url\":\"https:\/\/goodwill.fi\/kauppa\/wp-content\/uploads\/2021\/02\/cropped-logo_gw_store-723x211-1.png\",\"contentUrl\":\"https:\/\/goodwill.fi\/kauppa\/wp-content\/uploads\/2021\/02\/cropped-logo_gw_store-723x211-1.png\",\"width\":723,\"height\":207,\"caption\":\"Goodwill-verkkokauppa\"},\"image\":{\"@id\":\"https:\/\/goodwill.fi\/kauppa\/#\/schema\/logo\/image\/\"}}]}<\/script>\n<!-- \/ Yoast SEO plugin. -->","yoast_head_json":{"title":"KN ROSTFRI VEITSISETTI, 7 OSAA - Goodwill-verkkokauppa","description":"Suunnittelija: ei tiedossa Valmistaja: KN Rostfri Sweden Valmistusvuosi: ei tiedossa Telineen mitat: korkeus 7.5 cm, pituus 10.5 cm, leveys 4.5 cm","robots":{"index":"index","follow":"follow","max-snippet":"max-snippet:-1","max-image-preview":"max-image-preview:large","max-video-preview":"max-video-preview:-1"},"canonical":"https:\/\/goodwill.fi\/kauppa\/tuote\/kn-rostfri-veitsisetti-7-osaa\/","og_locale":"fi_FI","og_type":"article","og_title":"KN ROSTFRI VEITSISETTI, 7 OSAA - Goodwill-verkkokauppa","og_description":"Suunnittelija: ei tiedossa Valmistaja: KN Rostfri Sweden Valmistusvuosi: ei tiedossa Telineen mitat: korkeus 7.5 cm, pituus 10.5 cm, leveys 4.5 cm","og_url":"https:\/\/goodwill.fi\/kauppa\/tuote\/kn-rostfri-veitsisetti-7-osaa\/","og_site_name":"Goodwill-verkkokauppa","article_modified_time":"2024-04-16T08:40:26+00:00","og_image":[{"width":2560,"height":1707,"url":"https:\/\/goodwill.fi\/kauppa\/wp-content\/uploads\/2023\/03\/IMG_6025-scaled.jpg","type":"image\/jpeg"}],"twitter_card":"summary_large_image","twitter_misc":{"Arvioitu lukuaika":"1 minuutti"},"schema":{"@context":"https:\/\/schema.org","@graph":[{"@type":"WebPage","@id":"https:\/\/goodwill.fi\/kauppa\/tuote\/kn-rostfri-veitsisetti-7-osaa\/","url":"https:\/\/goodwill.fi\/kauppa\/tuote\/kn-rostfri-veitsisetti-7-osaa\/","name":"KN ROSTFRI VEITSISETTI, 7 OSAA - Goodwill-verkkokauppa","isPartOf":{"@id":"https:\/\/goodwill.fi\/kauppa\/#website"},"primaryImageOfPage":{"@id":"https:\/\/goodwill.fi\/kauppa\/tuote\/kn-rostfri-veitsisetti-7-osaa\/#primaryimage"},"image":{"@id":"https:\/\/goodwill.fi\/kauppa\/tuote\/kn-rostfri-veitsisetti-7-osaa\/#primaryimage"},"thumbnailUrl":"https:\/\/goodwill.fi\/kauppa\/wp-content\/uploads\/2023\/03\/IMG_6025-scaled.jpg","datePublished":"2023-03-13T09:38:01+00:00","dateModified":"2024-04-16T08:40:26+00:00","description":"Suunnittelija: ei tiedossa Valmistaja: KN Rostfri Sweden Valmistusvuosi: ei tiedossa Telineen mitat: korkeus 7.5 cm, pituus 10.5 cm, leveys 4.5 cm","breadcrumb":{"@id":"https:\/\/goodwill.fi\/kauppa\/tuote\/kn-rostfri-veitsisetti-7-osaa\/#breadcrumb"},"inLanguage":"fi","potentialAction":[{"@type":"ReadAction","target":["https:\/\/goodwill.fi\/kauppa\/tuote\/kn-rostfri-veitsisetti-7-osaa\/"]}]},{"@type":"ImageObject","inLanguage":"fi","@id":"https:\/\/goodwill.fi\/kauppa\/tuote\/kn-rostfri-veitsisetti-7-osaa\/#primaryimage","url":"https:\/\/goodwill.fi\/kauppa\/wp-content\/uploads\/2023\/03\/IMG_6025-scaled.jpg","contentUrl":"https:\/\/goodwill.fi\/kauppa\/wp-content\/uploads\/2023\/03\/IMG_6025-scaled.jpg","width":2560,"height":1707},{"@type":"BreadcrumbList","@id":"https:\/\/goodwill.fi\/kauppa\/tuote\/kn-rostfri-veitsisetti-7-osaa\/#breadcrumb","itemListElement":[{"@type":"ListItem","position":1,"name":"Home","item":"https:\/\/goodwill.fi\/kauppa\/"},{"@type":"ListItem","position":2,"name":"Shop","item":"https:\/\/goodwill.fi\/kauppa\/shop\/"},{"@type":"ListItem","position":3,"name":"KN ROSTFRI VEITSISETTI, 7 OSAA"}]},{"@type":"WebSite","@id":"https:\/\/goodwill.fi\/kauppa\/#website","url":"https:\/\/goodwill.fi\/kauppa\/","name":"Goodwill-verkkokauppa","description":"Kierr\u00e4tysmyym\u00e4l\u00e4 verkossa","publisher":{"@id":"https:\/\/goodwill.fi\/kauppa\/#organization"},"potentialAction":[{"@type":"SearchAction","target":{"@type":"EntryPoint","urlTemplate":"https:\/\/goodwill.fi\/kauppa\/?s={search_term_string}"},"query-input":{"@type":"PropertyValueSpecification","valueRequired":true,"valueName":"search_term_string"}}],"inLanguage":"fi"},{"@type":"Organization","@id":"https:\/\/goodwill.fi\/kauppa\/#organization","name":"Goodwill-verkkokauppa","url":"https:\/\/goodwill.fi\/kauppa\/","logo":{"@type":"ImageObject","inLanguage":"fi","@id":"https:\/\/goodwill.fi\/kauppa\/#\/schema\/logo\/image\/","url":"https:\/\/goodwill.fi\/kauppa\/wp-content\/uploads\/2021\/02\/cropped-logo_gw_store-723x211-1.png","contentUrl":"https:\/\/goodwill.fi\/kauppa\/wp-content\/uploads\/2021\/02\/cropped-logo_gw_store-723x211-1.png","width":723,"height":207,"caption":"Goodwill-verkkokauppa"},"image":{"@id":"https:\/\/goodwill.fi\/kauppa\/#\/schema\/logo\/image\/"}}]}},"_links":{"self":[{"href":"https:\/\/goodwill.fi\/kauppa\/wp-json\/wp\/v2\/product\/11228","targetHints":{"allow":["GET"]}}],"collection":[{"href":"https:\/\/goodwill.fi\/kauppa\/wp-json\/wp\/v2\/product"}],"about":[{"href":"https:\/\/goodwill.fi\/kauppa\/wp-json\/wp\/v2\/types\/product"}],"replies":[{"embeddable":true,"href":"https:\/\/goodwill.fi\/kauppa\/wp-json\/wp\/v2\/comments?post=11228"}],"wp:featuredmedia":[{"embeddable":true,"href":"https:\/\/goodwill.fi\/kauppa\/wp-json\/wp\/v2\/media\/11229"}],"wp:attachment":[{"href":"https:\/\/goodwill.fi\/kauppa\/wp-json\/wp\/v2\/media?parent=11228"}],"wp:term":[{"taxonomy":"product_brand","embeddable":true,"href":"https:\/\/goodwill.fi\/kauppa\/wp-json\/wp\/v2\/product_brand?post=11228"},{"taxonomy":"product_cat","embeddable":true,"href":"https:\/\/goodwill.fi\/kauppa\/wp-json\/wp\/v2\/product_cat?post=11228"},{"taxonomy":"product_tag","embeddable":true,"href":"https:\/\/goodwill.fi\/kauppa\/wp-json\/wp\/v2\/product_tag?post=11228"}],"curies":[{"name":"wp","href":"https:\/\/api.w.org\/{rel}","templated":true}]}}