{"id":202,"date":"2021-02-25T11:38:47","date_gmt":"2021-02-25T09:38:47","guid":{"rendered":"http:\/\/goodwill.mauri.loopy.fi\/?page_id=202"},"modified":"2021-11-30T13:20:38","modified_gmt":"2021-11-30T11:20:38","slug":"rekisteriseloste","status":"publish","type":"page","link":"https:\/\/goodwill.fi\/kauppa\/rekisteriseloste\/","title":{"rendered":"Tietosuojaseloste"},"content":{"rendered":"\n<p><strong>Henkil\u00f6tietolain 523\/1999 10 ja 24\u00a7 sek\u00e4 EU:n yleisen tietosuoja-asetuksen (GDPR) mukainen tietosuojaseloste.<\/strong><\/p>\n\n\n\n<p><strong>1. Rekisterinpit\u00e4j\u00e4<\/strong><br>Sotek-s\u00e4\u00e4ti\u00f6 srEtel\u00e4inen Karjalantie 548600 Kotka&nbsp;<\/p>\n\n\n\n<p><strong>2. Rekisteriasioita hoitava henkil\u00f6<\/strong><br>Tomi T\u00e4hti, j\u00e4rjestelm\u00e4asiantuntija, Sotek-s\u00e4\u00e4ti\u00f6 sr<\/p>\n\n\n\n<p>&nbsp;<strong>3. Rekisterin nimi<\/strong><br>Goodwill\u00ae-verkkokaupan asiakasrekisteri.&nbsp;<\/p>\n\n\n\n<p><strong>4. Rekisterin k\u00e4ytt\u00f6tarkoitus<\/strong><br>Henkil\u00f6tietoja k\u00e4sitell\u00e4\u00e4n laskutukseen ja maksujen perint\u00e4\u00e4n, markkinointiin, asiakassuhteen hoitamiseen ja kehitt\u00e4miseen liittyen sek\u00e4 tilastollisiin tarkoituksiin. Suoramarkkinointiin tietoja k\u00e4ytet\u00e4\u00e4n vain voimassa olevan lains\u00e4\u00e4d\u00e4nn\u00f6n mukaisesti. Asiakkaalla on oikeus kielt\u00e4\u00e4 tietojen k\u00e4ytt\u00e4minen suoramarkkinointiin ilmoittamalla siit\u00e4 Goodwill\u00ae-verkkokaupalle.&nbsp;<\/p>\n\n\n\n<p><strong>5. Rekisterin sis\u00e4lt\u00e4m\u00e4t tiedot<\/strong><\/p>\n\n\n\n<ul class=\"wp-block-list\"><li>Nimi<\/li><li>Osoite<\/li><li>S\u00e4hk\u00f6postiosoite<\/li><li>Puhelinnumero<\/li><li>Tilaustiedot<\/li><li>Suoramarkkinointilupa<\/li><li>Asiakkaan ilmoittamat asiakassuhteen hoitoon ja\/tai markkinointiin liittyv\u00e4t tiedot<\/li><\/ul>\n\n\n\n<p><\/p>\n\n\n\n<p><strong>6. Rekisterin s\u00e4\u00e4nn\u00f6nmukaiset tietol\u00e4hteet<\/strong><br>Rekisteriin ker\u00e4t\u00e4\u00e4n tilastotietoja tuotetilauksien ja kilpailuihin osallistumisen yhteydess\u00e4.<\/p>\n\n\n\n<p>Verkkosivustollamme on k\u00e4yt\u00f6ss\u00e4 my\u00f6s k\u00e4vij\u00e4seurantaa varten&nbsp;<strong>Google Analytics -palvelu<\/strong>. Google Analytics ker\u00e4\u00e4 k\u00e4vij\u00f6ist\u00e4 anonyymia tilastodataa, kuten:<\/p>\n\n\n\n<ul class=\"wp-block-list\"><li>Mist\u00e4 k\u00e4vij\u00e4t tulevat<\/li><li>Mill\u00e4 sivuilla k\u00e4vij\u00e4t vierailevat<\/li><li>Miten kauan k\u00e4vij\u00e4t viipyv\u00e4t sivustolla<\/li><li>Mill\u00e4 p\u00e4\u00e4telaitteilla k\u00e4vij\u00e4t sivustoa selaavat (esim. Windows\/PC sek\u00e4 mobiililaitteet Android\/iOS)<\/li><\/ul>\n\n\n\n<p><\/p>\n\n\n\n<p>N\u00e4it\u00e4 tietoja k\u00e4ytet\u00e4\u00e4n vain verkkosivuston parantamiseksi ja kehitt\u00e4miseksi. Koska Google Analytics ei ker\u00e4\u00e4 tunnistettavia tietoja, vaan pelk\u00e4st\u00e4\u00e4n anonyymia tilastodataa, k\u00e4ytt\u00e4j\u00e4\u00e4 ei n\u00e4iden pohjalta voida tunnistaa.<\/p>\n\n\n\n<p><br>Lis\u00e4tietoja Google Analyticsin yksityisyys- ja tietosuojak\u00e4yt\u00e4nn\u00f6ist\u00e4 l\u00f6yd\u00e4t&nbsp;<a href=\"https:\/\/support.google.com\/analytics\/answer\/6004245\">T\u00c4\u00c4LT\u00c4 (Google Analytics data privacy and security).<\/a><\/p>\n\n\n\n<p><br>Lis\u00e4ksi verkkosivustollamme k\u00e4ytet\u00e4\u00e4n&nbsp;<strong>Facebookin tarjoamaa mainonnan seurantaty\u00f6kalua (Facebook-pikseli)<\/strong>, jonka avulla mainostajat saavat tietoa muun muassa siit\u00e4, miten paljon k\u00e4vij\u00f6it\u00e4 siirtyy mainoksien kautta Facebookista kohdesivustolle. Vain Facebookiin rekister\u00f6ityneist\u00e4 k\u00e4ytt\u00e4jist\u00e4, jotka ovat antaneet Facebookille luvan k\u00e4ytt\u00e4\u00e4 ev\u00e4steit\u00e4, ker\u00e4t\u00e4\u00e4n tietoja. Mainonnan seurantaty\u00f6kalulla kohdennetaan mainontaa ja seurataan kohderyhmien k\u00e4ytt\u00e4ytymist\u00e4. Omia mainosasetuksia voi muokata Facebookin k\u00e4ytt\u00e4j\u00e4tilin asetuksissa.<\/p>\n\n\n\n<p><br>Lis\u00e4tietoja l\u00f6yd\u00e4t&nbsp;<a href=\"https:\/\/www.facebook.com\/privacy\/explanation\">T\u00c4\u00c4LT\u00c4 (Facebookin tietok\u00e4yt\u00e4nt\u00f6).<\/a><\/p>\n\n\n\n<p><strong>7. Tietojen luovutus<\/strong><br>Sotek-s\u00e4\u00e4ti\u00f6 sr voi luovuttaa asiakastietoja voimassaolevan lains\u00e4\u00e4d\u00e4nn\u00f6n sallimissa ja velvoittamissa rajoissa.<\/p>\n\n\n\n<p>&nbsp;<strong>8. Rekisterin suojauksen periaate<\/strong><br>Rekisterinpit\u00e4j\u00e4n tietoj\u00e4rjestelm\u00e4 ja tiedostot on suojattu yritystoiminnassa normaalisti k\u00e4yt\u00f6ss\u00e4 olevilla teknisill\u00e4 suojausmenetelmill\u00e4. Rekisterin k\u00e4ytt\u00f6oikeus edellytt\u00e4\u00e4 henkil\u00f6kohtaista k\u00e4ytt\u00e4j\u00e4tunnusta ja salasanaa, jotka my\u00f6nnet\u00e4\u00e4n vain rekisterinpit\u00e4j\u00e4n henkil\u00f6kuntaan kuuluvalle, jonka asemaan ja teht\u00e4viin mainittu k\u00e4ytt\u00f6oikeus liittyy. Rekisterinpit\u00e4j\u00e4n tilojen osalta on k\u00e4yt\u00f6ss\u00e4 kulunvalvonta.<\/p>\n\n\n\n<p><br><strong>9. Oikeudet<\/strong><br>Asiakkaalla on oikeus saada p\u00e4\u00e4sy omiin henkil\u00f6tietoihin sek\u00e4 saada niist\u00e4 tarvittaessa j\u00e4ljenn\u00f6s. Asiakkaalla on my\u00f6s oikeus pyyt\u00e4\u00e4 h\u00e4nt\u00e4 koskevien henkil\u00f6tietojen poistamista rekisterist\u00e4 (&#8221;oikeus tulla unohdetuksi&#8221;). Niin ik\u00e4\u00e4n asiakkaalla on muut EU:n yleisen tietosuoja-asetuksen mukaiset oikeudet kuten henkil\u00f6tietojen k\u00e4sittelyn rajoittaminen tietyiss\u00e4 tilanteissa. Pyynn\u00f6t tulee l\u00e4hett\u00e4\u00e4 kirjallisesti rekisterinpit\u00e4j\u00e4lle. Lukuun ottamatta tilanteita, joissa tietojen s\u00e4ilytyksell\u00e4 on lain, sopimuksen tai toiminnan edellytt\u00e4m\u00e4 peruste.<br>Rekisterinpit\u00e4j\u00e4 voi pyyt\u00e4\u00e4 tarvittaessa pyynn\u00f6n esitt\u00e4j\u00e4\u00e4 todistamaan henkil\u00f6llisyytens\u00e4. Rekisterinpit\u00e4j\u00e4 vastaa asiakkaalle EU:n tietosuoja-asetuksessa s\u00e4\u00e4detyss\u00e4 ajassa (p\u00e4\u00e4s\u00e4\u00e4nt\u00f6isesti kuukauden kuluessa).<\/p>\n\n\n\n<p><br><strong>10. Ev\u00e4steiden k\u00e4ytt\u00f6 sivustolla<\/strong><br>K\u00e4yt\u00e4mme sivuillamme ns. cookie-toimintoa, eli ev\u00e4steit\u00e4 sivuston perustoimintojen, analytiikan (Google Analytics) sek\u00e4 kohdennetun mainonnan (Facebook-pikseli) mahdollistamiseksi. Ev\u00e4ste on pieni, k\u00e4ytt\u00e4j\u00e4n tietokoneelle l\u00e4hetett\u00e4v\u00e4 ja siell\u00e4 s\u00e4ilytett\u00e4v\u00e4 tekstitiedosto. Ev\u00e4steet sis\u00e4lt\u00e4v\u00e4t yleisesti nimett\u00f6mi\u00e4, yksil\u00f6llisi\u00e4 tunnisteita, joiden avulla voidaan muistaa sivustoasetuksia tai tunnistaa esimerkiksi palveluita k\u00e4ytt\u00e4v\u00e4t selaimet ja\/tai p\u00e4\u00e4telaitteet. Ev\u00e4steet eiv\u00e4t vahingoita k\u00e4ytt\u00e4jien tietokoneita tai tiedostoja. K\u00e4yt\u00e4mme niit\u00e4 siten, ett\u00e4 voimme tarjota verkkosivustollamme olevia tietoja ja palveluita sek\u00e4 teknisi\u00e4 toiminnallisuuksia (kuten chat-palvelu) sek\u00e4 parantaa ja kehitt\u00e4\u00e4 sivustoamme anonyymin tilastodatan avulla.<br>Mik\u00e4li sivuillamme vieraileva k\u00e4ytt\u00e4j\u00e4 ei halua sallia ev\u00e4steiden k\u00e4ytt\u00f6\u00e4 verkkosivustollamme, h\u00e4nell\u00e4 on mahdollisuus muuttaa suostumuksiaan ev\u00e4steiden osalta ja kytke\u00e4 halutessaan pois kaikki muut paitsi sivuston toiminnan kannalta v\u00e4ltt\u00e4m\u00e4tt\u00f6m\u00e4t ev\u00e4steet.<\/p>\n","protected":false},"excerpt":{"rendered":"<p>Henkil\u00f6tietolain 523\/1999 10 ja 24\u00a7 sek\u00e4 EU:n yleisen tietosuoja-asetuksen (GDPR) mukainen tietosuojaseloste. 1. Rekisterinpit\u00e4j\u00e4Sotek-s\u00e4\u00e4ti\u00f6 srEtel\u00e4inen Karjalantie 548600 Kotka&nbsp; 2. Rekisteriasioita hoitava henkil\u00f6Tomi T\u00e4hti, j\u00e4rjestelm\u00e4asiantuntija, Sotek-s\u00e4\u00e4ti\u00f6 sr &nbsp;3. Rekisterin nimiGoodwill\u00ae-verkkokaupan asiakasrekisteri.&nbsp; 4. Rekisterin k\u00e4ytt\u00f6tarkoitusHenkil\u00f6tietoja k\u00e4sitell\u00e4\u00e4n laskutukseen ja maksujen perint\u00e4\u00e4n, markkinointiin, asiakassuhteen hoitamiseen ja kehitt\u00e4miseen liittyen sek\u00e4 tilastollisiin tarkoituksiin. Suoramarkkinointiin tietoja k\u00e4ytet\u00e4\u00e4n vain voimassa olevan lains\u00e4\u00e4d\u00e4nn\u00f6n mukaisesti. [&hellip;]<\/p>\n","protected":false},"author":1,"featured_media":0,"parent":0,"menu_order":0,"comment_status":"closed","ping_status":"closed","template":"","meta":{"footnotes":""},"class_list":["post-202","page","type-page","status-publish","hentry"],"yoast_head":"<!-- This site is optimized with the Yoast SEO plugin v27.5 - https:\/\/yoast.com\/product\/yoast-seo-wordpress\/ -->\n<title>Tietosuojaseloste - Goodwill-verkkokauppa<\/title>\n<meta name=\"robots\" content=\"index, follow, max-snippet:-1, max-image-preview:large, max-video-preview:-1\" \/>\n<link rel=\"canonical\" href=\"https:\/\/goodwill.fi\/kauppa\/rekisteriseloste\/\" \/>\n<meta property=\"og:locale\" content=\"fi_FI\" \/>\n<meta property=\"og:type\" content=\"article\" \/>\n<meta property=\"og:title\" content=\"Tietosuojaseloste - Goodwill-verkkokauppa\" \/>\n<meta property=\"og:description\" content=\"Henkil\u00f6tietolain 523\/1999 10 ja 24\u00a7 sek\u00e4 EU:n yleisen tietosuoja-asetuksen (GDPR) mukainen tietosuojaseloste. 1. Rekisterinpit\u00e4j\u00e4Sotek-s\u00e4\u00e4ti\u00f6 srEtel\u00e4inen Karjalantie 548600 Kotka&nbsp; 2. Rekisteriasioita hoitava henkil\u00f6Tomi T\u00e4hti, j\u00e4rjestelm\u00e4asiantuntija, Sotek-s\u00e4\u00e4ti\u00f6 sr &nbsp;3. Rekisterin nimiGoodwill\u00ae-verkkokaupan asiakasrekisteri.&nbsp; 4. Rekisterin k\u00e4ytt\u00f6tarkoitusHenkil\u00f6tietoja k\u00e4sitell\u00e4\u00e4n laskutukseen ja maksujen perint\u00e4\u00e4n, markkinointiin, asiakassuhteen hoitamiseen ja kehitt\u00e4miseen liittyen sek\u00e4 tilastollisiin tarkoituksiin. Suoramarkkinointiin tietoja k\u00e4ytet\u00e4\u00e4n vain voimassa olevan lains\u00e4\u00e4d\u00e4nn\u00f6n mukaisesti. [&hellip;]\" \/>\n<meta property=\"og:url\" content=\"https:\/\/goodwill.fi\/kauppa\/rekisteriseloste\/\" \/>\n<meta property=\"og:site_name\" content=\"Goodwill-verkkokauppa\" \/>\n<meta property=\"article:modified_time\" content=\"2021-11-30T11:20:38+00:00\" \/>\n<meta name=\"twitter:card\" content=\"summary_large_image\" \/>\n<meta name=\"twitter:label1\" content=\"Arvioitu lukuaika\" \/>\n\t<meta name=\"twitter:data1\" content=\"3 minuuttia\" \/>\n<script type=\"application\/ld+json\" class=\"yoast-schema-graph\">{\"@context\":\"https:\\\/\\\/schema.org\",\"@graph\":[{\"@type\":\"WebPage\",\"@id\":\"https:\\\/\\\/goodwill.fi\\\/kauppa\\\/rekisteriseloste\\\/\",\"url\":\"https:\\\/\\\/goodwill.fi\\\/kauppa\\\/rekisteriseloste\\\/\",\"name\":\"Tietosuojaseloste - Goodwill-verkkokauppa\",\"isPartOf\":{\"@id\":\"https:\\\/\\\/goodwill.fi\\\/kauppa\\\/#website\"},\"datePublished\":\"2021-02-25T09:38:47+00:00\",\"dateModified\":\"2021-11-30T11:20:38+00:00\",\"breadcrumb\":{\"@id\":\"https:\\\/\\\/goodwill.fi\\\/kauppa\\\/rekisteriseloste\\\/#breadcrumb\"},\"inLanguage\":\"fi\",\"potentialAction\":[{\"@type\":\"ReadAction\",\"target\":[\"https:\\\/\\\/goodwill.fi\\\/kauppa\\\/rekisteriseloste\\\/\"]}]},{\"@type\":\"BreadcrumbList\",\"@id\":\"https:\\\/\\\/goodwill.fi\\\/kauppa\\\/rekisteriseloste\\\/#breadcrumb\",\"itemListElement\":[{\"@type\":\"ListItem\",\"position\":1,\"name\":\"Home\",\"item\":\"https:\\\/\\\/goodwill.fi\\\/kauppa\\\/\"},{\"@type\":\"ListItem\",\"position\":2,\"name\":\"Tietosuojaseloste\"}]},{\"@type\":\"WebSite\",\"@id\":\"https:\\\/\\\/goodwill.fi\\\/kauppa\\\/#website\",\"url\":\"https:\\\/\\\/goodwill.fi\\\/kauppa\\\/\",\"name\":\"Goodwill-verkkokauppa\",\"description\":\"Kierr\u00e4tysmyym\u00e4l\u00e4 verkossa\",\"publisher\":{\"@id\":\"https:\\\/\\\/goodwill.fi\\\/kauppa\\\/#organization\"},\"potentialAction\":[{\"@type\":\"SearchAction\",\"target\":{\"@type\":\"EntryPoint\",\"urlTemplate\":\"https:\\\/\\\/goodwill.fi\\\/kauppa\\\/?s={search_term_string}\"},\"query-input\":{\"@type\":\"PropertyValueSpecification\",\"valueRequired\":true,\"valueName\":\"search_term_string\"}}],\"inLanguage\":\"fi\"},{\"@type\":\"Organization\",\"@id\":\"https:\\\/\\\/goodwill.fi\\\/kauppa\\\/#organization\",\"name\":\"Goodwill-verkkokauppa\",\"url\":\"https:\\\/\\\/goodwill.fi\\\/kauppa\\\/\",\"logo\":{\"@type\":\"ImageObject\",\"inLanguage\":\"fi\",\"@id\":\"https:\\\/\\\/goodwill.fi\\\/kauppa\\\/#\\\/schema\\\/logo\\\/image\\\/\",\"url\":\"https:\\\/\\\/goodwill.fi\\\/kauppa\\\/wp-content\\\/uploads\\\/2021\\\/02\\\/cropped-logo_gw_store-723x211-1.png\",\"contentUrl\":\"https:\\\/\\\/goodwill.fi\\\/kauppa\\\/wp-content\\\/uploads\\\/2021\\\/02\\\/cropped-logo_gw_store-723x211-1.png\",\"width\":723,\"height\":207,\"caption\":\"Goodwill-verkkokauppa\"},\"image\":{\"@id\":\"https:\\\/\\\/goodwill.fi\\\/kauppa\\\/#\\\/schema\\\/logo\\\/image\\\/\"}}]}<\/script>\n<!-- \/ Yoast SEO plugin. -->","yoast_head_json":{"title":"Tietosuojaseloste - Goodwill-verkkokauppa","robots":{"index":"index","follow":"follow","max-snippet":"max-snippet:-1","max-image-preview":"max-image-preview:large","max-video-preview":"max-video-preview:-1"},"canonical":"https:\/\/goodwill.fi\/kauppa\/rekisteriseloste\/","og_locale":"fi_FI","og_type":"article","og_title":"Tietosuojaseloste - Goodwill-verkkokauppa","og_description":"Henkil\u00f6tietolain 523\/1999 10 ja 24\u00a7 sek\u00e4 EU:n yleisen tietosuoja-asetuksen (GDPR) mukainen tietosuojaseloste. 1. Rekisterinpit\u00e4j\u00e4Sotek-s\u00e4\u00e4ti\u00f6 srEtel\u00e4inen Karjalantie 548600 Kotka&nbsp; 2. Rekisteriasioita hoitava henkil\u00f6Tomi T\u00e4hti, j\u00e4rjestelm\u00e4asiantuntija, Sotek-s\u00e4\u00e4ti\u00f6 sr &nbsp;3. Rekisterin nimiGoodwill\u00ae-verkkokaupan asiakasrekisteri.&nbsp; 4. Rekisterin k\u00e4ytt\u00f6tarkoitusHenkil\u00f6tietoja k\u00e4sitell\u00e4\u00e4n laskutukseen ja maksujen perint\u00e4\u00e4n, markkinointiin, asiakassuhteen hoitamiseen ja kehitt\u00e4miseen liittyen sek\u00e4 tilastollisiin tarkoituksiin. Suoramarkkinointiin tietoja k\u00e4ytet\u00e4\u00e4n vain voimassa olevan lains\u00e4\u00e4d\u00e4nn\u00f6n mukaisesti. [&hellip;]","og_url":"https:\/\/goodwill.fi\/kauppa\/rekisteriseloste\/","og_site_name":"Goodwill-verkkokauppa","article_modified_time":"2021-11-30T11:20:38+00:00","twitter_card":"summary_large_image","twitter_misc":{"Arvioitu lukuaika":"3 minuuttia"},"schema":{"@context":"https:\/\/schema.org","@graph":[{"@type":"WebPage","@id":"https:\/\/goodwill.fi\/kauppa\/rekisteriseloste\/","url":"https:\/\/goodwill.fi\/kauppa\/rekisteriseloste\/","name":"Tietosuojaseloste - Goodwill-verkkokauppa","isPartOf":{"@id":"https:\/\/goodwill.fi\/kauppa\/#website"},"datePublished":"2021-02-25T09:38:47+00:00","dateModified":"2021-11-30T11:20:38+00:00","breadcrumb":{"@id":"https:\/\/goodwill.fi\/kauppa\/rekisteriseloste\/#breadcrumb"},"inLanguage":"fi","potentialAction":[{"@type":"ReadAction","target":["https:\/\/goodwill.fi\/kauppa\/rekisteriseloste\/"]}]},{"@type":"BreadcrumbList","@id":"https:\/\/goodwill.fi\/kauppa\/rekisteriseloste\/#breadcrumb","itemListElement":[{"@type":"ListItem","position":1,"name":"Home","item":"https:\/\/goodwill.fi\/kauppa\/"},{"@type":"ListItem","position":2,"name":"Tietosuojaseloste"}]},{"@type":"WebSite","@id":"https:\/\/goodwill.fi\/kauppa\/#website","url":"https:\/\/goodwill.fi\/kauppa\/","name":"Goodwill-verkkokauppa","description":"Kierr\u00e4tysmyym\u00e4l\u00e4 verkossa","publisher":{"@id":"https:\/\/goodwill.fi\/kauppa\/#organization"},"potentialAction":[{"@type":"SearchAction","target":{"@type":"EntryPoint","urlTemplate":"https:\/\/goodwill.fi\/kauppa\/?s={search_term_string}"},"query-input":{"@type":"PropertyValueSpecification","valueRequired":true,"valueName":"search_term_string"}}],"inLanguage":"fi"},{"@type":"Organization","@id":"https:\/\/goodwill.fi\/kauppa\/#organization","name":"Goodwill-verkkokauppa","url":"https:\/\/goodwill.fi\/kauppa\/","logo":{"@type":"ImageObject","inLanguage":"fi","@id":"https:\/\/goodwill.fi\/kauppa\/#\/schema\/logo\/image\/","url":"https:\/\/goodwill.fi\/kauppa\/wp-content\/uploads\/2021\/02\/cropped-logo_gw_store-723x211-1.png","contentUrl":"https:\/\/goodwill.fi\/kauppa\/wp-content\/uploads\/2021\/02\/cropped-logo_gw_store-723x211-1.png","width":723,"height":207,"caption":"Goodwill-verkkokauppa"},"image":{"@id":"https:\/\/goodwill.fi\/kauppa\/#\/schema\/logo\/image\/"}}]}},"_links":{"self":[{"href":"https:\/\/goodwill.fi\/kauppa\/wp-json\/wp\/v2\/pages\/202","targetHints":{"allow":["GET"]}}],"collection":[{"href":"https:\/\/goodwill.fi\/kauppa\/wp-json\/wp\/v2\/pages"}],"about":[{"href":"https:\/\/goodwill.fi\/kauppa\/wp-json\/wp\/v2\/types\/page"}],"author":[{"embeddable":true,"href":"https:\/\/goodwill.fi\/kauppa\/wp-json\/wp\/v2\/users\/1"}],"replies":[{"embeddable":true,"href":"https:\/\/goodwill.fi\/kauppa\/wp-json\/wp\/v2\/comments?post=202"}],"version-history":[{"count":6,"href":"https:\/\/goodwill.fi\/kauppa\/wp-json\/wp\/v2\/pages\/202\/revisions"}],"predecessor-version":[{"id":4543,"href":"https:\/\/goodwill.fi\/kauppa\/wp-json\/wp\/v2\/pages\/202\/revisions\/4543"}],"wp:attachment":[{"href":"https:\/\/goodwill.fi\/kauppa\/wp-json\/wp\/v2\/media?parent=202"}],"curies":[{"name":"wp","href":"https:\/\/api.w.org\/{rel}","templated":true}]}}