{"id":173,"date":"2021-02-24T15:41:17","date_gmt":"2021-02-24T13:41:17","guid":{"rendered":"http:\/\/goodwill.mauri.loopy.fi\/?page_id=173"},"modified":"2023-04-25T07:47:27","modified_gmt":"2023-04-25T04:47:27","slug":"toimitustavat-ja-ehdot","status":"publish","type":"page","link":"https:\/\/goodwill.fi\/kauppa\/toimitustavat-ja-ehdot\/","title":{"rendered":"Toimitustavat ja -ehdot"},"content":{"rendered":"\t\t<div data-elementor-type=\"wp-page\" data-elementor-id=\"173\" class=\"elementor elementor-173\" data-elementor-post-type=\"page\">\n\t\t\t\t\t\t<section class=\"elementor-section elementor-top-section elementor-element elementor-element-7e56e277 elementor-section-boxed elementor-section-height-default elementor-section-height-default\" data-id=\"7e56e277\" data-element_type=\"section\" data-e-type=\"section\">\n\t\t\t\t\t\t<div class=\"elementor-container elementor-column-gap-default\">\n\t\t\t\t\t<div class=\"elementor-column elementor-col-100 elementor-top-column elementor-element elementor-element-7a74206\" data-id=\"7a74206\" data-element_type=\"column\" data-e-type=\"column\">\n\t\t\t<div class=\"elementor-widget-wrap elementor-element-populated\">\n\t\t\t\t\t\t<div class=\"elementor-element elementor-element-8a74a62 elementor-widget elementor-widget-text-editor\" data-id=\"8a74a62\" data-element_type=\"widget\" data-e-type=\"widget\" data-widget_type=\"text-editor.default\">\n\t\t\t\t<div class=\"elementor-widget-container\">\n\t\t\t\t\t\t\t\t\t<p><\/p>\n<p><strong>1. Toimitustavat ja -kulut<\/strong><\/p>\n<p><\/p>\n<p><\/p>\n<p>Toimitamme tilaukset Matkahuollon L\u00e4hell\u00e4-paketteina sek\u00e4 Postin postipakettina. T\u00e4ll\u00e4 hetkell\u00e4 tilausten toimitusalueena on Suomi.<\/p>\n<p>Tilauksen hintaan lis\u00e4t\u00e4\u00e4n toimituskulut, jotka ovat alkaen 5,90 \u20ac.<\/p>\n<p><\/p>\n<p><\/p>\n<p><strong>2. Toimitusaika&nbsp;<\/strong><\/p>\n<p><\/p>\n<p><\/p>\n<p>Toimitamme tuotteet verkkokaupasta Postiin\/Matkahuoltoon kahdesti viikossa, tiistaisin ja perjantaisin. Mik\u00e4li toimitusaika on normaalia pidempi, otamme sinuun yhteytt\u00e4.<\/p>\n<p><\/p>\n<p><\/p>\n<p><strong>3. Kuljetuksessa rikkoutuneet l\u00e4hetykset<\/strong><\/p>\n<p><\/p>\n<p><\/p>\n<p>Mik\u00e4li paketti on vaurioitunut kuljetuksessa ja mik\u00e4li my\u00f6s tuote\/tuotteet ovat vaurioituneet, tee noutopisteess\u00e4 heti asiasta vahinkoilmoitus. Ota t\u00e4m\u00e4n j\u00e4lkeen yhteytt\u00e4 asiakaspalveluumme 044 777 0480 sopiaksesi korvaavan tuotteen toimittamisesta.<\/p>\n<p><\/p>\n<p><\/p>\n<p><strong>4. Palautukset<\/strong><\/p>\n<p><\/p>\n<p><\/p>\n<p>Ostaminen on turvallista, sill\u00e4 sinulla on oikeus palauttaa tuotteet nelj\u00e4ntoista (14) p\u00e4iv\u00e4n kuluessa tuotteen \/ tuotteiden vastaanottamisesta, vastaanottamisp\u00e4iv\u00e4 poislukien. Palautettavan tuotteen tulee olla alkuper\u00e4isess\u00e4 kunnossa. Asiakkaan tulee pakata tuote huolellisesti postitusta varten. Palautuskuljetuksessa asiakkaan huolimattomuudesta johtuen rikkoutuneiden tuotteiden kohdalla emme voi purkaa kauppaa.<\/p>\n<p><\/p>\n<p><\/p>\n<p>Asiakkaan toivotaan tekev\u00e4n palautusilmoitus Goodwill-verkkokaupan sivuilla olevan yhteydenottolomakkeen kautta ennen tuotteen palauttamista. Goodwill-verkkokauppa palauttaa tuotteen hinnan asiakkaalle, kun tuotepalautus on saapunut. Asiakas vastaa palautuksesta aiheutuvista kuluista.&nbsp;<\/p>\n<p><\/p>\n<p><\/p>\n<p><strong>5. Hinnat<\/strong><\/p>\n<p><\/p>\n<p><\/p>\n<p>Kaikki hinnat on merkitty euroina. Kierr\u00e4tystuotteiden arvonlis\u00e4vero on 0 %.<\/p>\n<p><\/p>\n<p><\/p>\n<p><strong>6. Maksaminen<\/strong><\/p>\n<p><\/p>\n<p><\/p>\n<div>\n<p>Lue lis\u00e4\u00e4:&nbsp;<a href=\"https:\/\/www.paytrail.com\/kuluttaja\/tietoa-maksamisesta\" target=\"_blank\" rel=\"noopener\">https:\/\/www.paytrail.com\/kuluttaja\/tietoa-maksamisesta<\/a><\/p>\n<\/div>\n<div>\n<p style=\"box-sizing: inherit; margin-bottom: 20px; color: #555555; font-family: Poppins, sans-serif; font-size: 17px;\"><b>Paytrail on sinulle turvallinen maksutapa. Meill\u00e4 on Finanssivalvonnan my\u00f6nt\u00e4m\u00e4 maksulaitostoimilupa. Palvelu on Paytrail Oyj:n (y-tunnus 2122839-7) yll\u00e4pit\u00e4m\u00e4, ja se on osa Nets-perhett\u00e4. P<\/b><b>aytrail-maksunv\u00e4lityspalvelu v\u00e4litt\u00e4\u00e4 maksusi kauppiaalle. Jos tiliotteellasi tai luottokorttilaskullasi n\u00e4kyy Paytrail Oyj, olemme v\u00e4litt\u00e4neet maksusi.<\/b><\/p>\n<\/div>\n<p>K\u00e4ytett\u00e4viss\u00e4 ovat seuraavat maksuvaihtoehdot:<\/p>\n<p><\/p>\n<p><\/p>\n<p>&nbsp; &nbsp;&nbsp;<strong>6.1. Pankkimaksutavat<\/strong><\/p>\n<p><\/p>\n<p><\/p>\n<p><span style=\"box-sizing: inherit; color: #555555; font-family: Poppins, sans-serif; font-size: 17px;\">K\u00e4yt\u00f6ss\u00e4si on kaikkien suomalaisten pankkien maksupainikkeet joko pankkien tarjoamiin eBanking-rajapintoihin tai open banking-rajapintoihin pohjautuen<\/span><span style=\"color: #555555; font-family: Poppins, sans-serif; font-size: 17px;\">. Voit maksaa Aktian, Danske Bankin, Handelsbankenin, Nordean, Oma S\u00e4\u00e4st\u00f6pankin, Osuuspankin, POP-pankin, S\u00e4\u00e4st\u00f6pankin, S-pankin ja \u00c5landsbankenin maksupainikkeilla. Tiliotteellasi maksunsaajana n\u00e4kyy Paytrail Oyj, me v\u00e4lit\u00e4mme maksusi verkkokauppiaalle. Verkkokaupasta sinut ohjataan suoraan omaan pankkiisi suorittamaan maksu turvallisesti.<\/span><\/p>\n<p><span style=\"color: #555555; font-family: Poppins, sans-serif; font-size: 17px;\">&nbsp; &nbsp; <b>6.2. Korttimaksutavat<\/b><\/span><\/p>\n<p><span style=\"color: #555555; font-family: Poppins, sans-serif; font-size: 17px;\">Voit maksaa verkkokaupassa Visa-, Visa Debit-, Visa Electron-, Mastercard- ja Debit Mastercard -korteilla. Verkkokaupassa ovat k\u00e4yt\u00f6ss\u00e4 kansainv\u00e4liset Verified by Visa -, Mastercard SecureCode &#8211; ja American Express SafeKey -todentamispalvelut.<\/span><\/p>\n<p><span style=\"color: #555555; font-family: Poppins, sans-serif; font-size: 17px;\">Paytrail Oyj n\u00e4kyy maksun saajana korttilaskulla ja v\u00e4litt\u00e4\u00e4 asiakkaan maksaman maksukorttimaksun suoraan kauppiaalle. Korttimaksaminen tapahtuu turvallisesti suojatulla maksulomakkeella, eik\u00e4 maksukortin tietoja tallenneta verkkokaupan j\u00e4rjestelmiin.<\/span><span style=\"color: #555555; font-family: Poppins, sans-serif; font-size: 17px;\"><b><br><\/b><\/span><\/p>\n<p><span style=\"color: #555555; font-family: Poppins, sans-serif; font-size: 17px;\">&nbsp; &nbsp; <b>6.3. Mobiilimaksutavat<\/b><\/span><\/p>\n<p><span style=\"color: #555555; font-family: Poppins, sans-serif; font-size: 17px;\">Mobiilimaksutavat Pivo, MobilePay ja Siirto ovat sovelluksessa toimivia palveluita, joilla voi maksaa verkko-ostoksia tilisiirtona tililt\u00e4\u00e4n tai korttimaksuna kortiltaan hyv\u00e4ksym\u00e4ll\u00e4 maksun kyseisess\u00e4 sovelluksessa.<\/span><\/p>\n<p><span style=\"color: #555555; font-family: Poppins, sans-serif; font-size: 17px;\">Pivolla onnistuvat lis\u00e4ksi Siirto-maksut, jolloin maksun voi hyv\u00e4ksy\u00e4 miss\u00e4 tahansa Siirtoa tukevassa sovelluksessa. Apple Pay on Apple-laitteessa toimiva palvelu, jolla voi maksaa ostoksia laitteeseen liitetylt\u00e4 maksukortilta.<\/span><span style=\"color: #555555; font-family: Poppins, sans-serif; font-size: 17px;\"><b><br><\/b><\/span><\/p>\n<p><span style=\"color: #555555; font-family: Poppins, sans-serif; font-size: 17px;\"><b>&nbsp; &nbsp; 6.4. Lasku- ja osamaksutavat<\/b><\/span><\/p>\n<p style=\"box-sizing: inherit; margin-bottom: 20px; color: #555555; font-family: Poppins, sans-serif; font-size: 17px;\">Lasku- ja osamaksupalveluita Paytrailin kautta tarjoavat OP, Walley ja Jousto. Walley tarjoaa lasku- ja osamaksuvaihtoehdon my\u00f6s yritysasiakkaille.<\/p>\n<p style=\"box-sizing: inherit; margin-bottom: 20px; color: #555555; font-family: Poppins, sans-serif; font-size: 17px;\">L<span style=\"font-weight: var( --e-global-typography-text-font-weight );\">uethan viel\u00e4 rahoitusyhti\u00f6kohtaiset tarkemmat ehdot, jotka n\u00e4et hyv\u00e4ksyess\u00e4si maksun. Kun hyv\u00e4ksyt maksun, hyv\u00e4ksyt samalla rahoitusyhti\u00f6n ehdot.<\/span><\/p>\n<p><\/p>\n<p><\/p>\n<p><strong>7. Ylivoimainen este (Force majeure)<\/strong><\/p>\n<p><\/p>\n<p><\/p>\n<p>Emme vastaa siit\u00e4, ett\u00e4 tilauksen toimitus estyy, vaikeutuu tai my\u00f6h\u00e4styy Goodwill-verkkokaupan vaikutusmahdollisuuksien ulkopuolella olevasta seikasta, kuten sodasta, luonnonmullistuksesta, vienti- tai tuontikiellosta, viranomaisen p\u00e4\u00e4t\u00f6ksest\u00e4, yleisen liikenteen h\u00e4iriintymisest\u00e4 tai muusta vastaavasta Goodwill-verkkokaupan toimintaa vaikeuttavasta tai est\u00e4v\u00e4st\u00e4 toiminnasta.<\/p>\n<p><\/p>\n<p><\/p>\n<p><strong>8. Riitojen ratkaisu<\/strong><\/p>\n<p><\/p>\n<p><\/p>\n<p>T\u00e4st\u00e4 et\u00e4kauppasopimuksesta aiheutuviin riitoihin ja erimielisyyksiin sovelletaan Suomen lakia.<\/p>\n<p><\/p>\t\t\t\t\t\t\t\t<\/div>\n\t\t\t\t<\/div>\n\t\t\t\t\t<\/div>\n\t\t<\/div>\n\t\t\t\t\t<\/div>\n\t\t<\/section>\n\t\t\t\t<\/div>\n\t\t","protected":false},"excerpt":{"rendered":"<p>1. Toimitustavat ja -kulut Toimitamme tilaukset Matkahuollon L\u00e4hell\u00e4-paketteina sek\u00e4 Postin postipakettina. T\u00e4ll\u00e4 hetkell\u00e4 tilausten toimitusalueena on Suomi. Tilauksen hintaan lis\u00e4t\u00e4\u00e4n toimituskulut, jotka ovat alkaen 5,90 \u20ac. 2. Toimitusaika&nbsp; Toimitamme tuotteet verkkokaupasta Postiin\/Matkahuoltoon kahdesti viikossa, tiistaisin ja perjantaisin. Mik\u00e4li toimitusaika on normaalia pidempi, otamme sinuun yhteytt\u00e4. 3. Kuljetuksessa rikkoutuneet l\u00e4hetykset Mik\u00e4li paketti on vaurioitunut kuljetuksessa ja [&hellip;]<\/p>\n","protected":false},"author":1,"featured_media":0,"parent":0,"menu_order":0,"comment_status":"closed","ping_status":"closed","template":"","meta":{"footnotes":""},"class_list":["post-173","page","type-page","status-publish","hentry"],"yoast_head":"<!-- This site is optimized with the Yoast SEO plugin v27.1.1 - https:\/\/yoast.com\/product\/yoast-seo-wordpress\/ -->\n<title>Toimitustavat ja -ehdot - Goodwill-verkkokauppa<\/title>\n<meta name=\"robots\" content=\"index, follow, max-snippet:-1, max-image-preview:large, max-video-preview:-1\" \/>\n<link rel=\"canonical\" href=\"https:\/\/goodwill.fi\/kauppa\/toimitustavat-ja-ehdot\/\" \/>\n<meta property=\"og:locale\" content=\"fi_FI\" \/>\n<meta property=\"og:type\" content=\"article\" \/>\n<meta property=\"og:title\" content=\"Toimitustavat ja -ehdot - Goodwill-verkkokauppa\" \/>\n<meta property=\"og:description\" content=\"1. Toimitustavat ja -kulut Toimitamme tilaukset Matkahuollon L\u00e4hell\u00e4-paketteina sek\u00e4 Postin postipakettina. T\u00e4ll\u00e4 hetkell\u00e4 tilausten toimitusalueena on Suomi. Tilauksen hintaan lis\u00e4t\u00e4\u00e4n toimituskulut, jotka ovat alkaen 5,90 \u20ac. 2. Toimitusaika&nbsp; Toimitamme tuotteet verkkokaupasta Postiin\/Matkahuoltoon kahdesti viikossa, tiistaisin ja perjantaisin. Mik\u00e4li toimitusaika on normaalia pidempi, otamme sinuun yhteytt\u00e4. 3. Kuljetuksessa rikkoutuneet l\u00e4hetykset Mik\u00e4li paketti on vaurioitunut kuljetuksessa ja [&hellip;]\" \/>\n<meta property=\"og:url\" content=\"https:\/\/goodwill.fi\/kauppa\/toimitustavat-ja-ehdot\/\" \/>\n<meta property=\"og:site_name\" content=\"Goodwill-verkkokauppa\" \/>\n<meta property=\"article:modified_time\" content=\"2023-04-25T04:47:27+00:00\" \/>\n<meta name=\"twitter:card\" content=\"summary_large_image\" \/>\n<meta name=\"twitter:label1\" content=\"Arvioitu lukuaika\" \/>\n\t<meta name=\"twitter:data1\" content=\"3 minuuttia\" \/>\n<script type=\"application\/ld+json\" class=\"yoast-schema-graph\">{\"@context\":\"https:\/\/schema.org\",\"@graph\":[{\"@type\":\"WebPage\",\"@id\":\"https:\/\/goodwill.fi\/kauppa\/toimitustavat-ja-ehdot\/\",\"url\":\"https:\/\/goodwill.fi\/kauppa\/toimitustavat-ja-ehdot\/\",\"name\":\"Toimitustavat ja -ehdot - Goodwill-verkkokauppa\",\"isPartOf\":{\"@id\":\"https:\/\/goodwill.fi\/kauppa\/#website\"},\"datePublished\":\"2021-02-24T13:41:17+00:00\",\"dateModified\":\"2023-04-25T04:47:27+00:00\",\"breadcrumb\":{\"@id\":\"https:\/\/goodwill.fi\/kauppa\/toimitustavat-ja-ehdot\/#breadcrumb\"},\"inLanguage\":\"fi\",\"potentialAction\":[{\"@type\":\"ReadAction\",\"target\":[\"https:\/\/goodwill.fi\/kauppa\/toimitustavat-ja-ehdot\/\"]}]},{\"@type\":\"BreadcrumbList\",\"@id\":\"https:\/\/goodwill.fi\/kauppa\/toimitustavat-ja-ehdot\/#breadcrumb\",\"itemListElement\":[{\"@type\":\"ListItem\",\"position\":1,\"name\":\"Home\",\"item\":\"https:\/\/goodwill.fi\/kauppa\/\"},{\"@type\":\"ListItem\",\"position\":2,\"name\":\"Toimitustavat ja -ehdot\"}]},{\"@type\":\"WebSite\",\"@id\":\"https:\/\/goodwill.fi\/kauppa\/#website\",\"url\":\"https:\/\/goodwill.fi\/kauppa\/\",\"name\":\"Goodwill-verkkokauppa\",\"description\":\"Kierr\u00e4tysmyym\u00e4l\u00e4 verkossa\",\"publisher\":{\"@id\":\"https:\/\/goodwill.fi\/kauppa\/#organization\"},\"potentialAction\":[{\"@type\":\"SearchAction\",\"target\":{\"@type\":\"EntryPoint\",\"urlTemplate\":\"https:\/\/goodwill.fi\/kauppa\/?s={search_term_string}\"},\"query-input\":{\"@type\":\"PropertyValueSpecification\",\"valueRequired\":true,\"valueName\":\"search_term_string\"}}],\"inLanguage\":\"fi\"},{\"@type\":\"Organization\",\"@id\":\"https:\/\/goodwill.fi\/kauppa\/#organization\",\"name\":\"Goodwill-verkkokauppa\",\"url\":\"https:\/\/goodwill.fi\/kauppa\/\",\"logo\":{\"@type\":\"ImageObject\",\"inLanguage\":\"fi\",\"@id\":\"https:\/\/goodwill.fi\/kauppa\/#\/schema\/logo\/image\/\",\"url\":\"https:\/\/goodwill.fi\/kauppa\/wp-content\/uploads\/2021\/02\/cropped-logo_gw_store-723x211-1.png\",\"contentUrl\":\"https:\/\/goodwill.fi\/kauppa\/wp-content\/uploads\/2021\/02\/cropped-logo_gw_store-723x211-1.png\",\"width\":723,\"height\":207,\"caption\":\"Goodwill-verkkokauppa\"},\"image\":{\"@id\":\"https:\/\/goodwill.fi\/kauppa\/#\/schema\/logo\/image\/\"}}]}<\/script>\n<!-- \/ Yoast SEO plugin. -->","yoast_head_json":{"title":"Toimitustavat ja -ehdot - Goodwill-verkkokauppa","robots":{"index":"index","follow":"follow","max-snippet":"max-snippet:-1","max-image-preview":"max-image-preview:large","max-video-preview":"max-video-preview:-1"},"canonical":"https:\/\/goodwill.fi\/kauppa\/toimitustavat-ja-ehdot\/","og_locale":"fi_FI","og_type":"article","og_title":"Toimitustavat ja -ehdot - Goodwill-verkkokauppa","og_description":"1. Toimitustavat ja -kulut Toimitamme tilaukset Matkahuollon L\u00e4hell\u00e4-paketteina sek\u00e4 Postin postipakettina. T\u00e4ll\u00e4 hetkell\u00e4 tilausten toimitusalueena on Suomi. Tilauksen hintaan lis\u00e4t\u00e4\u00e4n toimituskulut, jotka ovat alkaen 5,90 \u20ac. 2. Toimitusaika&nbsp; Toimitamme tuotteet verkkokaupasta Postiin\/Matkahuoltoon kahdesti viikossa, tiistaisin ja perjantaisin. Mik\u00e4li toimitusaika on normaalia pidempi, otamme sinuun yhteytt\u00e4. 3. Kuljetuksessa rikkoutuneet l\u00e4hetykset Mik\u00e4li paketti on vaurioitunut kuljetuksessa ja [&hellip;]","og_url":"https:\/\/goodwill.fi\/kauppa\/toimitustavat-ja-ehdot\/","og_site_name":"Goodwill-verkkokauppa","article_modified_time":"2023-04-25T04:47:27+00:00","twitter_card":"summary_large_image","twitter_misc":{"Arvioitu lukuaika":"3 minuuttia"},"schema":{"@context":"https:\/\/schema.org","@graph":[{"@type":"WebPage","@id":"https:\/\/goodwill.fi\/kauppa\/toimitustavat-ja-ehdot\/","url":"https:\/\/goodwill.fi\/kauppa\/toimitustavat-ja-ehdot\/","name":"Toimitustavat ja -ehdot - Goodwill-verkkokauppa","isPartOf":{"@id":"https:\/\/goodwill.fi\/kauppa\/#website"},"datePublished":"2021-02-24T13:41:17+00:00","dateModified":"2023-04-25T04:47:27+00:00","breadcrumb":{"@id":"https:\/\/goodwill.fi\/kauppa\/toimitustavat-ja-ehdot\/#breadcrumb"},"inLanguage":"fi","potentialAction":[{"@type":"ReadAction","target":["https:\/\/goodwill.fi\/kauppa\/toimitustavat-ja-ehdot\/"]}]},{"@type":"BreadcrumbList","@id":"https:\/\/goodwill.fi\/kauppa\/toimitustavat-ja-ehdot\/#breadcrumb","itemListElement":[{"@type":"ListItem","position":1,"name":"Home","item":"https:\/\/goodwill.fi\/kauppa\/"},{"@type":"ListItem","position":2,"name":"Toimitustavat ja -ehdot"}]},{"@type":"WebSite","@id":"https:\/\/goodwill.fi\/kauppa\/#website","url":"https:\/\/goodwill.fi\/kauppa\/","name":"Goodwill-verkkokauppa","description":"Kierr\u00e4tysmyym\u00e4l\u00e4 verkossa","publisher":{"@id":"https:\/\/goodwill.fi\/kauppa\/#organization"},"potentialAction":[{"@type":"SearchAction","target":{"@type":"EntryPoint","urlTemplate":"https:\/\/goodwill.fi\/kauppa\/?s={search_term_string}"},"query-input":{"@type":"PropertyValueSpecification","valueRequired":true,"valueName":"search_term_string"}}],"inLanguage":"fi"},{"@type":"Organization","@id":"https:\/\/goodwill.fi\/kauppa\/#organization","name":"Goodwill-verkkokauppa","url":"https:\/\/goodwill.fi\/kauppa\/","logo":{"@type":"ImageObject","inLanguage":"fi","@id":"https:\/\/goodwill.fi\/kauppa\/#\/schema\/logo\/image\/","url":"https:\/\/goodwill.fi\/kauppa\/wp-content\/uploads\/2021\/02\/cropped-logo_gw_store-723x211-1.png","contentUrl":"https:\/\/goodwill.fi\/kauppa\/wp-content\/uploads\/2021\/02\/cropped-logo_gw_store-723x211-1.png","width":723,"height":207,"caption":"Goodwill-verkkokauppa"},"image":{"@id":"https:\/\/goodwill.fi\/kauppa\/#\/schema\/logo\/image\/"}}]}},"_links":{"self":[{"href":"https:\/\/goodwill.fi\/kauppa\/wp-json\/wp\/v2\/pages\/173","targetHints":{"allow":["GET"]}}],"collection":[{"href":"https:\/\/goodwill.fi\/kauppa\/wp-json\/wp\/v2\/pages"}],"about":[{"href":"https:\/\/goodwill.fi\/kauppa\/wp-json\/wp\/v2\/types\/page"}],"author":[{"embeddable":true,"href":"https:\/\/goodwill.fi\/kauppa\/wp-json\/wp\/v2\/users\/1"}],"replies":[{"embeddable":true,"href":"https:\/\/goodwill.fi\/kauppa\/wp-json\/wp\/v2\/comments?post=173"}],"version-history":[{"count":34,"href":"https:\/\/goodwill.fi\/kauppa\/wp-json\/wp\/v2\/pages\/173\/revisions"}],"predecessor-version":[{"id":12433,"href":"https:\/\/goodwill.fi\/kauppa\/wp-json\/wp\/v2\/pages\/173\/revisions\/12433"}],"wp:attachment":[{"href":"https:\/\/goodwill.fi\/kauppa\/wp-json\/wp\/v2\/media?parent=173"}],"curies":[{"name":"wp","href":"https:\/\/api.w.org\/{rel}","templated":true}]}}